{"id":3631,"date":"2020-08-28T14:03:30","date_gmt":"2020-08-28T12:03:30","guid":{"rendered":"https:\/\/be-ceuticals.com\/%d8%a7%d9%84%d8%a5%d8%ae%d8%b7%d8%a7%d8%b1%d8%a7%d8%aa-%d8%a7%d9%84%d9%82%d8%a7%d9%86%d9%88%d9%86%d9%8a%d8%a9\/"},"modified":"2021-05-11T17:07:58","modified_gmt":"2021-05-11T15:07:58","slug":"%d8%a7%d9%84%d8%a5%d8%ae%d8%b7%d8%a7%d8%b1%d8%a7%d8%aa-%d8%a7%d9%84%d9%82%d8%a7%d9%86%d9%88%d9%86%d9%8a%d8%a9","status":"publish","type":"page","link":"https:\/\/be-ceuticals.com\/ar\/%d8%a7%d9%84%d8%a5%d8%ae%d8%b7%d8%a7%d8%b1%d8%a7%d8%aa-%d8%a7%d9%84%d9%82%d8%a7%d9%86%d9%88%d9%86%d9%8a%d8%a9\/","title":{"rendered":"\u0627\u0644\u0625\u062e\u0637\u0627\u0631\u0627\u062a \u0627\u0644\u0642\u0627\u0646\u0648\u0646\u064a\u0629"},"content":{"rendered":"[vc_row type=&#8221;full_width_background&#8221; full_screen_row_position=&#8221;middle&#8221; equal_height=&#8221;yes&#8221; bg_color=&#8221;#000000&#8243; scene_position=&#8221;center&#8221; text_color=&#8221;light&#8221; text_align=&#8221;left&#8221; top_padding=&#8221;3%&#8221; bottom_padding=&#8221;2%&#8221; overlay_strength=&#8221;0.3&#8243; shape_divider_position=&#8221;bottom&#8221; bg_image_animation=&#8221;none&#8221; shape_type=&#8221;&#8221;][vc_column column_padding=&#8221;no-extra-padding&#8221; column_padding_position=&#8221;all&#8221; background_color_opacity=&#8221;1&#8243; background_hover_color_opacity=&#8221;1&#8243; column_link_target=&#8221;_self&#8221; column_shadow=&#8221;none&#8221; column_border_radius=&#8221;none&#8221; width=&#8221;1\/6&#8243; tablet_width_inherit=&#8221;default&#8221; tablet_text_alignment=&#8221;default&#8221; phone_text_alignment=&#8221;default&#8221; column_border_width=&#8221;none&#8221; column_border_style=&#8221;solid&#8221; bg_image_animation=&#8221;none&#8221; enable_animation=&#8221;true&#8221; animation=&#8221;fade-in&#8221; delay=&#8221;50&#8243;][\/vc_column][vc_column column_padding=&#8221;no-extra-padding&#8221; column_padding_position=&#8221;all&#8221; background_color_opacity=&#8221;1&#8243; background_hover_color_opacity=&#8221;1&#8243; column_link_target=&#8221;_self&#8221; column_shadow=&#8221;none&#8221; column_border_radius=&#8221;none&#8221; width=&#8221;2\/3&#8243; tablet_width_inherit=&#8221;default&#8221; tablet_text_alignment=&#8221;default&#8221; phone_text_alignment=&#8221;default&#8221; column_border_width=&#8221;none&#8221; column_border_style=&#8221;solid&#8221; bg_image_animation=&#8221;none&#8221;][vc_column_text]\n<h1>\u0627\u0644\u0625\u062e\u0637\u0627\u0631\u0627\u062a \u0627\u0644\u0642\u0627\u0646\u0648\u0646\u064a\u0629<\/h1>\n<h2>BE CEUTICALS SA<\/h2>\n<p>Route des Eterpys 22,<br \/>\nCH-1964 Conthey<br \/>\nSwitzerland.<br \/>\n<a href=\"mailto:contact@be-ceuticals.com\">contact@be-ceuticals.com<\/a><br \/>\n+41 (0) 27 346 04 46 \/ + 33 (0) 695 530 599<\/p>\n<p>Samuel VALENZUELA-CEO<br \/>\n<a href=\"mailto:sva@be-ceuticals.com\">sva@be-ceuticals.com<\/a>[\/vc_column_text][divider line_type=&#8221;Small Line&#8221; line_alignment=&#8221;default&#8221; line_thickness=&#8221;1&#8243; divider_color=&#8221;default&#8221; animate=&#8221;yes&#8221; custom_line_width=&#8221;350px&#8221; delay=&#8221;50&#8243; custom_height=&#8221;100&#8243;][vc_column_text]\u0628\u062a\u062d\u062f\u064a\u062b \u0627\u0644\u0645\u0648\u0642\u0639 \u0628\u0627\u0646\u062a\u0638\u0627\u0645\u060c \u0648\u0644\u0643\u0646 BE CEUTICALS \u062a\u0642\u0648\u0645 \u0634\u0631\u0643\u0629 \u062a\u0642\u062f\u064e\u0651\u0645 \u0623\u062c\u0632\u0627\u0621 \u0645\u0646 \u0627\u0644\u0645\u0639\u0644\u0648\u0645\u0627\u062a \u0648\u0627\u0644\u0635\u0648\u0631 \u0644\u0644\u062a\u0648\u0636\u064a\u062d \u0648\u0644\u064a\u0633\u062a \u062a\u0639\u0627\u0642\u062f\u064a\u0629.<br \/>\n\u0628\u0627\u0644\u062d\u0642 \u0641\u064a \u062a\u0639\u062f\u064a\u0644 \u0627\u0644\u0628\u064a\u0627\u0646\u0627\u062a BE CEUTICALS \u062a\u062d\u062a\u0641\u0638 \u0634\u0631\u0643\u0629 \u0627\u0644\u0645\u0639\u0631\u0648\u0636\u0629 \u0639\u0644\u0649 \u0645\u0648\u0642\u0639\u0647\u0627 \u0627\u0644\u0625\u0644\u0643\u062a\u0631\u0648\u0646\u064a \u0641\u064a \u0623\u064a \u0648\u0642\u062a.<br \/>\n\u0648\u0644\u0627 \u064a\u0645\u0643\u0646 \u0644\u0644\u0634\u0631\u0643\u0629 \u0636\u0645\u0627\u0646 \u062f\u0642\u0629 \u0627\u0644\u0645\u0639\u0644\u0648\u0645\u0627\u062a \u0627\u0644\u0645\u0642\u062f\u0645\u0629 \u0648\u0627\u0644\u0635\u0648\u0631 \u0627\u0644\u0645\u0639\u0631\u0648\u0636\u0629 \u0639\u0644\u0649 \u0627\u0644\u0645\u0648\u0642\u0639 \u0627\u0644\u0625\u0644\u0643\u062a\u0631\u0648\u0646\u064a\u060c \u0648\u0647\u064a \u0644\u064a\u0633\u062a \u0645\u0633\u0624\u0648\u0644\u0629 \u0639\u0646 \u0627\u0644\u0625\u0634\u0627\u0631\u0627\u062a \u063a\u064a\u0631 \u0627\u0644\u062f\u0642\u064a\u0642\u0629 \u0623\u0648 \u063a\u064a\u0631 \u0627\u0644\u0645\u0636\u0628\u0648\u0637\u0629 \u0623\u0648 \u0627\u0644\u0645\u0646\u0633\u064a\u0629.<br \/>\n\u0627\u0644\u0647\u064a\u0643\u0644 \u0627\u0644\u0639\u0627\u0645 \u0648\u0627\u0644\u0646\u0635\u0648\u0635 \u0623\u0648 \u062c\u0645\u064a\u0639 \u0627\u0644\u0635\u0648\u0631 \u0623\u0648 \u0627\u0644\u0631\u0633\u0648\u0645\u0627\u062a \u0623\u0648 \u0623\u064a \u0639\u0646\u0635\u0631\u0622\u062e\u0631 \u0641\u064a \u0627\u0644\u0645\u0648\u0642\u0639 \u0647\u064a \u0645\u0644\u0643\u064a\u0629 \u062d\u0635\u0631\u064a\u0629 \u0644\u0640 BE CEUTICALS.<br \/>\n\u062a\u0637\u0644\u0628\u062a \u0627\u0644\u0639\u0644\u0627\u0645\u0627\u062a \u0627\u0644\u062a\u062c\u0627\u0631\u064a\u0629 \u0648\u0627\u0644\u0634\u0639\u0627\u0631\u0627\u062a \u0648\u0627\u0644\u0623\u0633\u0645\u0627\u0621 \u062a\u0641\u0648\u064a\u0636\u064b\u0627 \u0645\u0646 \u0623\u0635\u062d\u0627\u0628\u0647\u0627 \u0644\u0639\u0631\u0636\u0647\u0627 \u0639\u0644\u0649 \u0627\u0644\u0645\u0648\u0642\u0639.<br \/>\n\u0648\u064a\u062d\u0638\u0631 \u0623\u064a \u0646\u0633\u062e \u0623\u0648 \u062a\u0645\u062b\u064a\u0644 \u0643\u0644\u064a \u0623\u0648 \u062c\u0632\u0626\u064a (\u0623\u0648 \u0643\u0644\u064a\u0647\u0645\u0627) \u0644\u0644\u0645\u0648\u0642\u0639 \u0627\u0644\u0625\u0644\u0643\u062a\u0631\u0648\u0646\u064a \u062f\u0648\u0646 \u0627\u0644\u062d\u0635\u0648\u0644 \u0639\u0644\u0649 \u062a\u0635\u0631\u064a\u062d \u0645\u0646 \u0634\u0631\u0643\u0629 .BE CEUTICALS[\/vc_column_text][divider line_type=&#8221;Small Line&#8221; line_alignment=&#8221;right&#8221; line_thickness=&#8221;1&#8243; divider_color=&#8221;default&#8221; animate=&#8221;yes&#8221; custom_line_width=&#8221;350px&#8221; delay=&#8221;50&#8243; custom_height=&#8221;100&#8243;][vc_column_text]\n<h2><span lang=\"FR\">Board of Directors<\/span><\/h2>\n<p>Mme Marie-Christine Comte : Pr\u00e9sidente<br \/>\nM. Samuel Valenzuela : Administrateur D\u00e9l\u00e9gu\u00e9[\/vc_column_text][divider line_type=&#8221;Small Line&#8221; line_alignment=&#8221;default&#8221; line_thickness=&#8221;1&#8243; divider_color=&#8221;default&#8221; animate=&#8221;yes&#8221; custom_line_width=&#8221;350px&#8221; delay=&#8221;50&#8243; custom_height=&#8221;100&#8243;][\/vc_column][vc_column column_padding=&#8221;no-extra-padding&#8221; column_padding_position=&#8221;all&#8221; background_color_opacity=&#8221;1&#8243; background_hover_color_opacity=&#8221;1&#8243; column_link_target=&#8221;_self&#8221; column_shadow=&#8221;none&#8221; column_border_radius=&#8221;none&#8221; width=&#8221;1\/6&#8243; tablet_width_inherit=&#8221;default&#8221; tablet_text_alignment=&#8221;default&#8221; phone_text_alignment=&#8221;default&#8221; column_border_width=&#8221;none&#8221; column_border_style=&#8221;solid&#8221; bg_image_animation=&#8221;none&#8221;][\/vc_column][\/vc_row][vc_row type=&#8221;full_width_content&#8221; full_screen_row_position=&#8221;middle&#8221; scene_position=&#8221;center&#8221; text_color=&#8221;dark&#8221; text_align=&#8221;left&#8221; overlay_strength=&#8221;0.3&#8243; shape_divider_position=&#8221;bottom&#8221; bg_image_animation=&#8221;none&#8221; shape_type=&#8221;&#8221;][vc_column column_padding=&#8221;no-extra-padding&#8221; column_padding_position=&#8221;all&#8221; background_color=&#8221;#000000&#8243; background_color_opacity=&#8221;1&#8243; background_hover_color_opacity=&#8221;1&#8243; column_link_target=&#8221;_self&#8221; column_shadow=&#8221;none&#8221; column_border_radius=&#8221;none&#8221; width=&#8221;1\/1&#8243; tablet_width_inherit=&#8221;default&#8221; tablet_text_alignment=&#8221;default&#8221; phone_text_alignment=&#8221;default&#8221; column_border_width=&#8221;none&#8221; column_border_style=&#8221;solid&#8221; bg_image_animation=&#8221;none&#8221;][image_with_animation image_url=&#8221;3444&#8243; alignment=&#8221;center&#8221; animation=&#8221;Fade In&#8221; border_radius=&#8221;none&#8221; box_shadow=&#8221;none&#8221; max_width=&#8221;100%&#8221;][\/vc_column][\/vc_row]\n","protected":false},"excerpt":{"rendered":"<p>[vc_row type=&#8221;full_width_background&#8221; full_screen_row_position=&#8221;middle&#8221; equal_height=&#8221;yes&#8221; bg_color=&#8221;#000000&#8243; scene_position=&#8221;center&#8221; text_color=&#8221;light&#8221; text_align=&#8221;left&#8221; top_padding=&#8221;3%&#8221; bottom_padding=&#8221;2%&#8221; overlay_strength=&#8221;0.3&#8243; shape_divider_position=&#8221;bottom&#8221; bg_image_animation=&#8221;none&#8221; shape_type=&#8221;&#8221;][vc_column column_padding=&#8221;no-extra-padding&#8221; column_padding_position=&#8221;all&#8221; background_color_opacity=&#8221;1&#8243; background_hover_color_opacity=&#8221;1&#8243; column_link_target=&#8221;_self&#8221; column_shadow=&#8221;none&#8221; column_border_radius=&#8221;none&#8221; width=&#8221;1\/6&#8243; tablet_width_inherit=&#8221;default&#8221; tablet_text_alignment=&#8221;default&#8221; phone_text_alignment=&#8221;default&#8221; column_border_width=&#8221;none&#8221; column_border_style=&#8221;solid&#8221; bg_image_animation=&#8221;none&#8221; enable_animation=&#8221;true&#8221; animation=&#8221;fade-in&#8221;&#8230;<\/p>\n","protected":false},"author":5,"featured_media":0,"parent":0,"menu_order":0,"comment_status":"closed","ping_status":"closed","template":"","meta":{"footnotes":""},"class_list":["post-3631","page","type-page","status-publish"],"yoast_head":"<!-- This site is optimized with the Yoast SEO plugin v27.3 - https:\/\/yoast.com\/product\/yoast-seo-wordpress\/ -->\n<title>\u0627\u0644\u0625\u062e\u0637\u0627\u0631\u0627\u062a \u0627\u0644\u0642\u0627\u0646\u0648\u0646\u064a\u0629 - Be Ceuticals<\/title>\n<meta name=\"robots\" content=\"index, follow, max-snippet:-1, max-image-preview:large, max-video-preview:-1\" \/>\n<link rel=\"canonical\" href=\"https:\/\/be-ceuticals.com\/ar\/%d8%a7%d9%84%d8%a5%d8%ae%d8%b7%d8%a7%d8%b1%d8%a7%d8%aa-%d8%a7%d9%84%d9%82%d8%a7%d9%86%d9%88%d9%86%d9%8a%d8%a9\/\" \/>\n<meta property=\"og:locale\" content=\"ar_AR\" \/>\n<meta property=\"og:type\" content=\"article\" \/>\n<meta property=\"og:title\" content=\"\u0627\u0644\u0625\u062e\u0637\u0627\u0631\u0627\u062a \u0627\u0644\u0642\u0627\u0646\u0648\u0646\u064a\u0629 - Be Ceuticals\" \/>\n<meta property=\"og:description\" content=\"[vc_row type=&#8221;full_width_background&#8221; full_screen_row_position=&#8221;middle&#8221; equal_height=&#8221;yes&#8221; bg_color=&#8221;#000000&#8243; scene_position=&#8221;center&#8221; text_color=&#8221;light&#8221; text_align=&#8221;left&#8221; top_padding=&#8221;3%&#8221; bottom_padding=&#8221;2%&#8221; overlay_strength=&#8221;0.3&#8243; shape_divider_position=&#8221;bottom&#8221; bg_image_animation=&#8221;none&#8221; shape_type=&#8221;&#8221;][vc_column column_padding=&#8221;no-extra-padding&#8221; column_padding_position=&#8221;all&#8221; background_color_opacity=&#8221;1&#8243; background_hover_color_opacity=&#8221;1&#8243; column_link_target=&#8221;_self&#8221; column_shadow=&#8221;none&#8221; column_border_radius=&#8221;none&#8221; width=&#8221;1\/6&#8243; tablet_width_inherit=&#8221;default&#8221; tablet_text_alignment=&#8221;default&#8221; phone_text_alignment=&#8221;default&#8221; column_border_width=&#8221;none&#8221; column_border_style=&#8221;solid&#8221; bg_image_animation=&#8221;none&#8221; enable_animation=&#8221;true&#8221; animation=&#8221;fade-in&#8221;...\" \/>\n<meta property=\"og:url\" content=\"https:\/\/be-ceuticals.com\/ar\/%d8%a7%d9%84%d8%a5%d8%ae%d8%b7%d8%a7%d8%b1%d8%a7%d8%aa-%d8%a7%d9%84%d9%82%d8%a7%d9%86%d9%88%d9%86%d9%8a%d8%a9\/\" \/>\n<meta property=\"og:site_name\" content=\"Be Ceuticals\" \/>\n<meta property=\"article:modified_time\" content=\"2021-05-11T15:07:58+00:00\" \/>\n<meta name=\"twitter:card\" content=\"summary_large_image\" \/>\n<meta name=\"twitter:label1\" content=\"\u0648\u0642\u062a \u0627\u0644\u0642\u0631\u0627\u0621\u0629 \u0627\u0644\u0645\u064f\u0642\u062f\u0651\u0631\" \/>\n\t<meta name=\"twitter:data1\" content=\"\u062f\u0642\u064a\u0642\u062a\u0627\u0646\" \/>\n<script type=\"application\/ld+json\" class=\"yoast-schema-graph\">{\"@context\":\"https:\\\/\\\/schema.org\",\"@graph\":[{\"@type\":\"WebPage\",\"@id\":\"https:\\\/\\\/be-ceuticals.com\\\/ar\\\/%d8%a7%d9%84%d8%a5%d8%ae%d8%b7%d8%a7%d8%b1%d8%a7%d8%aa-%d8%a7%d9%84%d9%82%d8%a7%d9%86%d9%88%d9%86%d9%8a%d8%a9\\\/\",\"url\":\"https:\\\/\\\/be-ceuticals.com\\\/ar\\\/%d8%a7%d9%84%d8%a5%d8%ae%d8%b7%d8%a7%d8%b1%d8%a7%d8%aa-%d8%a7%d9%84%d9%82%d8%a7%d9%86%d9%88%d9%86%d9%8a%d8%a9\\\/\",\"name\":\"\u0627\u0644\u0625\u062e\u0637\u0627\u0631\u0627\u062a \u0627\u0644\u0642\u0627\u0646\u0648\u0646\u064a\u0629 - Be Ceuticals\",\"isPartOf\":{\"@id\":\"https:\\\/\\\/be-ceuticals.com\\\/ar\\\/#website\"},\"datePublished\":\"2020-08-28T12:03:30+00:00\",\"dateModified\":\"2021-05-11T15:07:58+00:00\",\"breadcrumb\":{\"@id\":\"https:\\\/\\\/be-ceuticals.com\\\/ar\\\/%d8%a7%d9%84%d8%a5%d8%ae%d8%b7%d8%a7%d8%b1%d8%a7%d8%aa-%d8%a7%d9%84%d9%82%d8%a7%d9%86%d9%88%d9%86%d9%8a%d8%a9\\\/#breadcrumb\"},\"inLanguage\":\"ar\",\"potentialAction\":[{\"@type\":\"ReadAction\",\"target\":[\"https:\\\/\\\/be-ceuticals.com\\\/ar\\\/%d8%a7%d9%84%d8%a5%d8%ae%d8%b7%d8%a7%d8%b1%d8%a7%d8%aa-%d8%a7%d9%84%d9%82%d8%a7%d9%86%d9%88%d9%86%d9%8a%d8%a9\\\/\"]}]},{\"@type\":\"BreadcrumbList\",\"@id\":\"https:\\\/\\\/be-ceuticals.com\\\/ar\\\/%d8%a7%d9%84%d8%a5%d8%ae%d8%b7%d8%a7%d8%b1%d8%a7%d8%aa-%d8%a7%d9%84%d9%82%d8%a7%d9%86%d9%88%d9%86%d9%8a%d8%a9\\\/#breadcrumb\",\"itemListElement\":[{\"@type\":\"ListItem\",\"position\":1,\"name\":\"Accueil\",\"item\":\"https:\\\/\\\/be-ceuticals.com\\\/ar\\\/\"},{\"@type\":\"ListItem\",\"position\":2,\"name\":\"\u0627\u0644\u0625\u062e\u0637\u0627\u0631\u0627\u062a \u0627\u0644\u0642\u0627\u0646\u0648\u0646\u064a\u0629\"}]},{\"@type\":\"WebSite\",\"@id\":\"https:\\\/\\\/be-ceuticals.com\\\/ar\\\/#website\",\"url\":\"https:\\\/\\\/be-ceuticals.com\\\/ar\\\/\",\"name\":\"Be Ceuticals\",\"description\":\"SEE THE DIFFERENCE\",\"potentialAction\":[{\"@type\":\"SearchAction\",\"target\":{\"@type\":\"EntryPoint\",\"urlTemplate\":\"https:\\\/\\\/be-ceuticals.com\\\/ar\\\/?s={search_term_string}\"},\"query-input\":{\"@type\":\"PropertyValueSpecification\",\"valueRequired\":true,\"valueName\":\"search_term_string\"}}],\"inLanguage\":\"ar\"}]}<\/script>\n<!-- \/ Yoast SEO plugin. -->","yoast_head_json":{"title":"\u0627\u0644\u0625\u062e\u0637\u0627\u0631\u0627\u062a \u0627\u0644\u0642\u0627\u0646\u0648\u0646\u064a\u0629 - Be Ceuticals","robots":{"index":"index","follow":"follow","max-snippet":"max-snippet:-1","max-image-preview":"max-image-preview:large","max-video-preview":"max-video-preview:-1"},"canonical":"https:\/\/be-ceuticals.com\/ar\/%d8%a7%d9%84%d8%a5%d8%ae%d8%b7%d8%a7%d8%b1%d8%a7%d8%aa-%d8%a7%d9%84%d9%82%d8%a7%d9%86%d9%88%d9%86%d9%8a%d8%a9\/","og_locale":"ar_AR","og_type":"article","og_title":"\u0627\u0644\u0625\u062e\u0637\u0627\u0631\u0627\u062a \u0627\u0644\u0642\u0627\u0646\u0648\u0646\u064a\u0629 - Be Ceuticals","og_description":"[vc_row type=&#8221;full_width_background&#8221; full_screen_row_position=&#8221;middle&#8221; equal_height=&#8221;yes&#8221; bg_color=&#8221;#000000&#8243; scene_position=&#8221;center&#8221; text_color=&#8221;light&#8221; text_align=&#8221;left&#8221; top_padding=&#8221;3%&#8221; bottom_padding=&#8221;2%&#8221; overlay_strength=&#8221;0.3&#8243; shape_divider_position=&#8221;bottom&#8221; bg_image_animation=&#8221;none&#8221; shape_type=&#8221;&#8221;][vc_column column_padding=&#8221;no-extra-padding&#8221; column_padding_position=&#8221;all&#8221; background_color_opacity=&#8221;1&#8243; background_hover_color_opacity=&#8221;1&#8243; column_link_target=&#8221;_self&#8221; column_shadow=&#8221;none&#8221; column_border_radius=&#8221;none&#8221; width=&#8221;1\/6&#8243; tablet_width_inherit=&#8221;default&#8221; tablet_text_alignment=&#8221;default&#8221; phone_text_alignment=&#8221;default&#8221; column_border_width=&#8221;none&#8221; column_border_style=&#8221;solid&#8221; bg_image_animation=&#8221;none&#8221; enable_animation=&#8221;true&#8221; animation=&#8221;fade-in&#8221;...","og_url":"https:\/\/be-ceuticals.com\/ar\/%d8%a7%d9%84%d8%a5%d8%ae%d8%b7%d8%a7%d8%b1%d8%a7%d8%aa-%d8%a7%d9%84%d9%82%d8%a7%d9%86%d9%88%d9%86%d9%8a%d8%a9\/","og_site_name":"Be Ceuticals","article_modified_time":"2021-05-11T15:07:58+00:00","twitter_card":"summary_large_image","twitter_misc":{"\u0648\u0642\u062a \u0627\u0644\u0642\u0631\u0627\u0621\u0629 \u0627\u0644\u0645\u064f\u0642\u062f\u0651\u0631":"\u062f\u0642\u064a\u0642\u062a\u0627\u0646"},"schema":{"@context":"https:\/\/schema.org","@graph":[{"@type":"WebPage","@id":"https:\/\/be-ceuticals.com\/ar\/%d8%a7%d9%84%d8%a5%d8%ae%d8%b7%d8%a7%d8%b1%d8%a7%d8%aa-%d8%a7%d9%84%d9%82%d8%a7%d9%86%d9%88%d9%86%d9%8a%d8%a9\/","url":"https:\/\/be-ceuticals.com\/ar\/%d8%a7%d9%84%d8%a5%d8%ae%d8%b7%d8%a7%d8%b1%d8%a7%d8%aa-%d8%a7%d9%84%d9%82%d8%a7%d9%86%d9%88%d9%86%d9%8a%d8%a9\/","name":"\u0627\u0644\u0625\u062e\u0637\u0627\u0631\u0627\u062a \u0627\u0644\u0642\u0627\u0646\u0648\u0646\u064a\u0629 - Be Ceuticals","isPartOf":{"@id":"https:\/\/be-ceuticals.com\/ar\/#website"},"datePublished":"2020-08-28T12:03:30+00:00","dateModified":"2021-05-11T15:07:58+00:00","breadcrumb":{"@id":"https:\/\/be-ceuticals.com\/ar\/%d8%a7%d9%84%d8%a5%d8%ae%d8%b7%d8%a7%d8%b1%d8%a7%d8%aa-%d8%a7%d9%84%d9%82%d8%a7%d9%86%d9%88%d9%86%d9%8a%d8%a9\/#breadcrumb"},"inLanguage":"ar","potentialAction":[{"@type":"ReadAction","target":["https:\/\/be-ceuticals.com\/ar\/%d8%a7%d9%84%d8%a5%d8%ae%d8%b7%d8%a7%d8%b1%d8%a7%d8%aa-%d8%a7%d9%84%d9%82%d8%a7%d9%86%d9%88%d9%86%d9%8a%d8%a9\/"]}]},{"@type":"BreadcrumbList","@id":"https:\/\/be-ceuticals.com\/ar\/%d8%a7%d9%84%d8%a5%d8%ae%d8%b7%d8%a7%d8%b1%d8%a7%d8%aa-%d8%a7%d9%84%d9%82%d8%a7%d9%86%d9%88%d9%86%d9%8a%d8%a9\/#breadcrumb","itemListElement":[{"@type":"ListItem","position":1,"name":"Accueil","item":"https:\/\/be-ceuticals.com\/ar\/"},{"@type":"ListItem","position":2,"name":"\u0627\u0644\u0625\u062e\u0637\u0627\u0631\u0627\u062a \u0627\u0644\u0642\u0627\u0646\u0648\u0646\u064a\u0629"}]},{"@type":"WebSite","@id":"https:\/\/be-ceuticals.com\/ar\/#website","url":"https:\/\/be-ceuticals.com\/ar\/","name":"Be Ceuticals","description":"SEE THE DIFFERENCE","potentialAction":[{"@type":"SearchAction","target":{"@type":"EntryPoint","urlTemplate":"https:\/\/be-ceuticals.com\/ar\/?s={search_term_string}"},"query-input":{"@type":"PropertyValueSpecification","valueRequired":true,"valueName":"search_term_string"}}],"inLanguage":"ar"}]}},"jetpack_sharing_enabled":true,"_links":{"self":[{"href":"https:\/\/be-ceuticals.com\/ar\/wp-json\/wp\/v2\/pages\/3631","targetHints":{"allow":["GET"]}}],"collection":[{"href":"https:\/\/be-ceuticals.com\/ar\/wp-json\/wp\/v2\/pages"}],"about":[{"href":"https:\/\/be-ceuticals.com\/ar\/wp-json\/wp\/v2\/types\/page"}],"author":[{"embeddable":true,"href":"https:\/\/be-ceuticals.com\/ar\/wp-json\/wp\/v2\/users\/5"}],"replies":[{"embeddable":true,"href":"https:\/\/be-ceuticals.com\/ar\/wp-json\/wp\/v2\/comments?post=3631"}],"version-history":[{"count":9,"href":"https:\/\/be-ceuticals.com\/ar\/wp-json\/wp\/v2\/pages\/3631\/revisions"}],"predecessor-version":[{"id":4187,"href":"https:\/\/be-ceuticals.com\/ar\/wp-json\/wp\/v2\/pages\/3631\/revisions\/4187"}],"wp:attachment":[{"href":"https:\/\/be-ceuticals.com\/ar\/wp-json\/wp\/v2\/media?parent=3631"}],"curies":[{"name":"wp","href":"https:\/\/api.w.org\/{rel}","templated":true}]}}