{"id":3572,"date":"2020-08-28T11:47:16","date_gmt":"2020-08-28T09:47:16","guid":{"rendered":"https:\/\/be-ceuticals.com\/notificaciones-legales\/"},"modified":"2021-05-11T17:10:20","modified_gmt":"2021-05-11T15:10:20","slug":"notificaciones-legales","status":"publish","type":"page","link":"https:\/\/be-ceuticals.com\/es\/notificaciones-legales\/","title":{"rendered":"Notificaciones legales"},"content":{"rendered":"[vc_row type=\u00bbfull_width_background\u00bb full_screen_row_position=\u00bbmiddle\u00bb equal_height=\u00bbyes\u00bb bg_color=\u00bb#000000&#8243; scene_position=\u00bbcenter\u00bb text_color=\u00bblight\u00bb text_align=\u00bbleft\u00bb top_padding=\u00bb3%\u00bb bottom_padding=\u00bb2%\u00bb overlay_strength=\u00bb0.3&#8243; shape_divider_position=\u00bbbottom\u00bb bg_image_animation=\u00bbnone\u00bb shape_type=\u00bb\u00bb][vc_column column_padding=\u00bbno-extra-padding\u00bb column_padding_position=\u00bball\u00bb background_color_opacity=\u00bb1&#8243; background_hover_color_opacity=\u00bb1&#8243; column_link_target=\u00bb_self\u00bb column_shadow=\u00bbnone\u00bb column_border_radius=\u00bbnone\u00bb width=\u00bb1\/6&#8243; tablet_width_inherit=\u00bbdefault\u00bb tablet_text_alignment=\u00bbdefault\u00bb phone_text_alignment=\u00bbdefault\u00bb column_border_width=\u00bbnone\u00bb column_border_style=\u00bbsolid\u00bb bg_image_animation=\u00bbnone\u00bb enable_animation=\u00bbtrue\u00bb animation=\u00bbfade-in\u00bb delay=\u00bb50&#8243;][\/vc_column][vc_column column_padding=\u00bbno-extra-padding\u00bb column_padding_position=\u00bball\u00bb background_color_opacity=\u00bb1&#8243; background_hover_color_opacity=\u00bb1&#8243; column_link_target=\u00bb_self\u00bb column_shadow=\u00bbnone\u00bb column_border_radius=\u00bbnone\u00bb width=\u00bb2\/3&#8243; tablet_width_inherit=\u00bbdefault\u00bb tablet_text_alignment=\u00bbdefault\u00bb phone_text_alignment=\u00bbdefault\u00bb column_border_width=\u00bbnone\u00bb column_border_style=\u00bbsolid\u00bb bg_image_animation=\u00bbnone\u00bb][vc_column_text]\n<h1>Notificaciones legales<\/h1>\n<h2>BE CEUTICALS SA<\/h2>\n<p>Route des Eterpys 22,<br \/>\nCH-1964 Conthey<br \/>\nSuiza<br \/>\n<a href=\"mailto:contact@be-ceuticals.com\">contact@be-ceuticals.com<\/a><br \/>\n+41 (0) 27 346 04 46 \/ + 33 (0) 695 530 599<\/p>\n<p>Samuel VALENZUELA-CEO<br \/>\n<a href=\"mailto:sva@be-ceuticals.com\">sva@be-ceuticals.com<\/a>[\/vc_column_text][divider line_type=\u00bbSmall Line\u00bb line_alignment=\u00bbdefault\u00bb line_thickness=\u00bb1&#8243; divider_color=\u00bbdefault\u00bb animate=\u00bbyes\u00bb custom_line_width=\u00bb350px\u00bb delay=\u00bb50&#8243; custom_height=\u00bb100&#8243;][vc_column_text]Aunque BE CEUTICALS garantiza con regularidad la actualizaci\u00f3n del sitio web, la informaci\u00f3n y las fotograf\u00edas son meramente indicativas y no son contractuales.<br \/>\nBE CEUTICALS se reserva el derecho de modificar los datos suministrados en su sitio web en cualquier momento.<br \/>\nBE CEUTICALS no puede garantizar la exactitud de la informaci\u00f3n y las fotos presentes en el sitio web, por lo que no se har\u00e1 responsable de ning\u00fan olvido, imprecisi\u00f3n, o inexactitud.<br \/>\nLa estructura general, as\u00ed como los textos, las im\u00e1genes, los gr\u00e1ficos o cualquier elemento del sitio web son propiedad exclusiva de BE CEUTICALS.<br \/>\nLos logotipos, marcas y nombres han sido objeto de una autorizaci\u00f3n de sus propietarios para su presentaci\u00f3n en el sitio web.<br \/>\nQueda prohibida cualquier reproducci\u00f3n y\/o representaci\u00f3n total o parcial del sitio sin la autorizaci\u00f3n de BE CEUTICALS.[\/vc_column_text][divider line_type=\u00bbSmall Line\u00bb line_alignment=\u00bbright\u00bb line_thickness=\u00bb1&#8243; divider_color=\u00bbdefault\u00bb animate=\u00bbyes\u00bb custom_line_width=\u00bb350px\u00bb delay=\u00bb50&#8243; custom_height=\u00bb100&#8243;][vc_column_text]\n<h2><span lang=\"FR\">Board of Directors<\/span><\/h2>\n<p>Mme Marie-Christine Comte : Pr\u00e9sidente<br \/>\nM. Samuel Valenzuela : Administrateur D\u00e9l\u00e9gu\u00e9[\/vc_column_text][divider line_type=\u00bbSmall Line\u00bb line_alignment=\u00bbdefault\u00bb line_thickness=\u00bb1&#8243; divider_color=\u00bbdefault\u00bb animate=\u00bbyes\u00bb custom_line_width=\u00bb350px\u00bb delay=\u00bb50&#8243; custom_height=\u00bb100&#8243;][\/vc_column][vc_column column_padding=\u00bbno-extra-padding\u00bb column_padding_position=\u00bball\u00bb background_color_opacity=\u00bb1&#8243; background_hover_color_opacity=\u00bb1&#8243; column_link_target=\u00bb_self\u00bb column_shadow=\u00bbnone\u00bb column_border_radius=\u00bbnone\u00bb width=\u00bb1\/6&#8243; tablet_width_inherit=\u00bbdefault\u00bb tablet_text_alignment=\u00bbdefault\u00bb phone_text_alignment=\u00bbdefault\u00bb column_border_width=\u00bbnone\u00bb column_border_style=\u00bbsolid\u00bb bg_image_animation=\u00bbnone\u00bb][\/vc_column][\/vc_row][vc_row type=\u00bbfull_width_content\u00bb full_screen_row_position=\u00bbmiddle\u00bb scene_position=\u00bbcenter\u00bb text_color=\u00bbdark\u00bb text_align=\u00bbleft\u00bb overlay_strength=\u00bb0.3&#8243; shape_divider_position=\u00bbbottom\u00bb bg_image_animation=\u00bbnone\u00bb shape_type=\u00bb\u00bb][vc_column column_padding=\u00bbno-extra-padding\u00bb column_padding_position=\u00bball\u00bb background_color=\u00bb#000000&#8243; background_color_opacity=\u00bb1&#8243; background_hover_color_opacity=\u00bb1&#8243; column_link_target=\u00bb_self\u00bb column_shadow=\u00bbnone\u00bb column_border_radius=\u00bbnone\u00bb width=\u00bb1\/1&#8243; tablet_width_inherit=\u00bbdefault\u00bb tablet_text_alignment=\u00bbdefault\u00bb phone_text_alignment=\u00bbdefault\u00bb column_border_width=\u00bbnone\u00bb column_border_style=\u00bbsolid\u00bb bg_image_animation=\u00bbnone\u00bb][image_with_animation image_url=\u00bb3444&#8243; alignment=\u00bbcenter\u00bb animation=\u00bbFade In\u00bb border_radius=\u00bbnone\u00bb box_shadow=\u00bbnone\u00bb max_width=\u00bb100%\u00bb][\/vc_column][\/vc_row]\n","protected":false},"excerpt":{"rendered":"<p>[vc_row type=\u00bbfull_width_background\u00bb full_screen_row_position=\u00bbmiddle\u00bb equal_height=\u00bbyes\u00bb bg_color=\u00bb#000000&#8243; scene_position=\u00bbcenter\u00bb text_color=\u00bblight\u00bb text_align=\u00bbleft\u00bb top_padding=\u00bb3%\u00bb bottom_padding=\u00bb2%\u00bb overlay_strength=\u00bb0.3&#8243; shape_divider_position=\u00bbbottom\u00bb bg_image_animation=\u00bbnone\u00bb shape_type=\u00bb\u00bb][vc_column column_padding=\u00bbno-extra-padding\u00bb column_padding_position=\u00bball\u00bb background_color_opacity=\u00bb1&#8243; background_hover_color_opacity=\u00bb1&#8243; column_link_target=\u00bb_self\u00bb column_shadow=\u00bbnone\u00bb column_border_radius=\u00bbnone\u00bb width=\u00bb1\/6&#8243; tablet_width_inherit=\u00bbdefault\u00bb tablet_text_alignment=\u00bbdefault\u00bb phone_text_alignment=\u00bbdefault\u00bb column_border_width=\u00bbnone\u00bb column_border_style=\u00bbsolid\u00bb bg_image_animation=\u00bbnone\u00bb enable_animation=\u00bbtrue\u00bb animation=\u00bbfade-in\u00bb&#8230;<\/p>\n","protected":false},"author":5,"featured_media":0,"parent":0,"menu_order":0,"comment_status":"closed","ping_status":"closed","template":"","meta":{"footnotes":""},"class_list":["post-3572","page","type-page","status-publish"],"yoast_head":"<!-- This site is optimized with the Yoast SEO plugin v27.3 - https:\/\/yoast.com\/product\/yoast-seo-wordpress\/ -->\n<title>Notificaciones legales - Be Ceuticals<\/title>\n<meta name=\"robots\" content=\"index, follow, max-snippet:-1, max-image-preview:large, max-video-preview:-1\" \/>\n<link rel=\"canonical\" href=\"https:\/\/be-ceuticals.com\/es\/notificaciones-legales\/\" \/>\n<meta property=\"og:locale\" content=\"es_ES\" \/>\n<meta property=\"og:type\" content=\"article\" \/>\n<meta property=\"og:title\" content=\"Notificaciones legales - Be Ceuticals\" \/>\n<meta property=\"og:description\" content=\"[vc_row type=\u00bbfull_width_background\u00bb full_screen_row_position=\u00bbmiddle\u00bb equal_height=\u00bbyes\u00bb bg_color=\u00bb#000000&#8243; scene_position=\u00bbcenter\u00bb text_color=\u00bblight\u00bb text_align=\u00bbleft\u00bb top_padding=\u00bb3%\u00bb bottom_padding=\u00bb2%\u00bb overlay_strength=\u00bb0.3&#8243; shape_divider_position=\u00bbbottom\u00bb bg_image_animation=\u00bbnone\u00bb shape_type=\u00bb\u00bb][vc_column column_padding=\u00bbno-extra-padding\u00bb column_padding_position=\u00bball\u00bb background_color_opacity=\u00bb1&#8243; background_hover_color_opacity=\u00bb1&#8243; column_link_target=\u00bb_self\u00bb column_shadow=\u00bbnone\u00bb column_border_radius=\u00bbnone\u00bb width=\u00bb1\/6&#8243; tablet_width_inherit=\u00bbdefault\u00bb tablet_text_alignment=\u00bbdefault\u00bb phone_text_alignment=\u00bbdefault\u00bb column_border_width=\u00bbnone\u00bb column_border_style=\u00bbsolid\u00bb bg_image_animation=\u00bbnone\u00bb enable_animation=\u00bbtrue\u00bb animation=\u00bbfade-in\u00bb...\" \/>\n<meta property=\"og:url\" content=\"https:\/\/be-ceuticals.com\/es\/notificaciones-legales\/\" \/>\n<meta property=\"og:site_name\" content=\"Be Ceuticals\" \/>\n<meta property=\"article:modified_time\" content=\"2021-05-11T15:10:20+00:00\" \/>\n<meta name=\"twitter:card\" content=\"summary_large_image\" \/>\n<meta name=\"twitter:label1\" content=\"Tiempo de lectura\" \/>\n\t<meta name=\"twitter:data1\" content=\"3 minutos\" \/>\n<script type=\"application\/ld+json\" class=\"yoast-schema-graph\">{\"@context\":\"https:\\\/\\\/schema.org\",\"@graph\":[{\"@type\":\"WebPage\",\"@id\":\"https:\\\/\\\/be-ceuticals.com\\\/es\\\/notificaciones-legales\\\/\",\"url\":\"https:\\\/\\\/be-ceuticals.com\\\/es\\\/notificaciones-legales\\\/\",\"name\":\"Notificaciones legales - Be Ceuticals\",\"isPartOf\":{\"@id\":\"https:\\\/\\\/be-ceuticals.com\\\/es\\\/#website\"},\"datePublished\":\"2020-08-28T09:47:16+00:00\",\"dateModified\":\"2021-05-11T15:10:20+00:00\",\"breadcrumb\":{\"@id\":\"https:\\\/\\\/be-ceuticals.com\\\/es\\\/notificaciones-legales\\\/#breadcrumb\"},\"inLanguage\":\"es\",\"potentialAction\":[{\"@type\":\"ReadAction\",\"target\":[\"https:\\\/\\\/be-ceuticals.com\\\/es\\\/notificaciones-legales\\\/\"]}]},{\"@type\":\"BreadcrumbList\",\"@id\":\"https:\\\/\\\/be-ceuticals.com\\\/es\\\/notificaciones-legales\\\/#breadcrumb\",\"itemListElement\":[{\"@type\":\"ListItem\",\"position\":1,\"name\":\"Accueil\",\"item\":\"https:\\\/\\\/be-ceuticals.com\\\/es\\\/\"},{\"@type\":\"ListItem\",\"position\":2,\"name\":\"Notificaciones legales\"}]},{\"@type\":\"WebSite\",\"@id\":\"https:\\\/\\\/be-ceuticals.com\\\/es\\\/#website\",\"url\":\"https:\\\/\\\/be-ceuticals.com\\\/es\\\/\",\"name\":\"Be Ceuticals\",\"description\":\"SEE THE DIFFERENCE\",\"potentialAction\":[{\"@type\":\"SearchAction\",\"target\":{\"@type\":\"EntryPoint\",\"urlTemplate\":\"https:\\\/\\\/be-ceuticals.com\\\/es\\\/?s={search_term_string}\"},\"query-input\":{\"@type\":\"PropertyValueSpecification\",\"valueRequired\":true,\"valueName\":\"search_term_string\"}}],\"inLanguage\":\"es\"}]}<\/script>\n<!-- \/ Yoast SEO plugin. -->","yoast_head_json":{"title":"Notificaciones legales - Be Ceuticals","robots":{"index":"index","follow":"follow","max-snippet":"max-snippet:-1","max-image-preview":"max-image-preview:large","max-video-preview":"max-video-preview:-1"},"canonical":"https:\/\/be-ceuticals.com\/es\/notificaciones-legales\/","og_locale":"es_ES","og_type":"article","og_title":"Notificaciones legales - Be Ceuticals","og_description":"[vc_row type=\u00bbfull_width_background\u00bb full_screen_row_position=\u00bbmiddle\u00bb equal_height=\u00bbyes\u00bb bg_color=\u00bb#000000&#8243; scene_position=\u00bbcenter\u00bb text_color=\u00bblight\u00bb text_align=\u00bbleft\u00bb top_padding=\u00bb3%\u00bb bottom_padding=\u00bb2%\u00bb overlay_strength=\u00bb0.3&#8243; shape_divider_position=\u00bbbottom\u00bb bg_image_animation=\u00bbnone\u00bb shape_type=\u00bb\u00bb][vc_column column_padding=\u00bbno-extra-padding\u00bb column_padding_position=\u00bball\u00bb background_color_opacity=\u00bb1&#8243; background_hover_color_opacity=\u00bb1&#8243; column_link_target=\u00bb_self\u00bb column_shadow=\u00bbnone\u00bb column_border_radius=\u00bbnone\u00bb width=\u00bb1\/6&#8243; tablet_width_inherit=\u00bbdefault\u00bb tablet_text_alignment=\u00bbdefault\u00bb phone_text_alignment=\u00bbdefault\u00bb column_border_width=\u00bbnone\u00bb column_border_style=\u00bbsolid\u00bb bg_image_animation=\u00bbnone\u00bb enable_animation=\u00bbtrue\u00bb animation=\u00bbfade-in\u00bb...","og_url":"https:\/\/be-ceuticals.com\/es\/notificaciones-legales\/","og_site_name":"Be Ceuticals","article_modified_time":"2021-05-11T15:10:20+00:00","twitter_card":"summary_large_image","twitter_misc":{"Tiempo de lectura":"3 minutos"},"schema":{"@context":"https:\/\/schema.org","@graph":[{"@type":"WebPage","@id":"https:\/\/be-ceuticals.com\/es\/notificaciones-legales\/","url":"https:\/\/be-ceuticals.com\/es\/notificaciones-legales\/","name":"Notificaciones legales - Be Ceuticals","isPartOf":{"@id":"https:\/\/be-ceuticals.com\/es\/#website"},"datePublished":"2020-08-28T09:47:16+00:00","dateModified":"2021-05-11T15:10:20+00:00","breadcrumb":{"@id":"https:\/\/be-ceuticals.com\/es\/notificaciones-legales\/#breadcrumb"},"inLanguage":"es","potentialAction":[{"@type":"ReadAction","target":["https:\/\/be-ceuticals.com\/es\/notificaciones-legales\/"]}]},{"@type":"BreadcrumbList","@id":"https:\/\/be-ceuticals.com\/es\/notificaciones-legales\/#breadcrumb","itemListElement":[{"@type":"ListItem","position":1,"name":"Accueil","item":"https:\/\/be-ceuticals.com\/es\/"},{"@type":"ListItem","position":2,"name":"Notificaciones legales"}]},{"@type":"WebSite","@id":"https:\/\/be-ceuticals.com\/es\/#website","url":"https:\/\/be-ceuticals.com\/es\/","name":"Be Ceuticals","description":"SEE THE DIFFERENCE","potentialAction":[{"@type":"SearchAction","target":{"@type":"EntryPoint","urlTemplate":"https:\/\/be-ceuticals.com\/es\/?s={search_term_string}"},"query-input":{"@type":"PropertyValueSpecification","valueRequired":true,"valueName":"search_term_string"}}],"inLanguage":"es"}]}},"jetpack_sharing_enabled":true,"_links":{"self":[{"href":"https:\/\/be-ceuticals.com\/es\/wp-json\/wp\/v2\/pages\/3572","targetHints":{"allow":["GET"]}}],"collection":[{"href":"https:\/\/be-ceuticals.com\/es\/wp-json\/wp\/v2\/pages"}],"about":[{"href":"https:\/\/be-ceuticals.com\/es\/wp-json\/wp\/v2\/types\/page"}],"author":[{"embeddable":true,"href":"https:\/\/be-ceuticals.com\/es\/wp-json\/wp\/v2\/users\/5"}],"replies":[{"embeddable":true,"href":"https:\/\/be-ceuticals.com\/es\/wp-json\/wp\/v2\/comments?post=3572"}],"version-history":[{"count":15,"href":"https:\/\/be-ceuticals.com\/es\/wp-json\/wp\/v2\/pages\/3572\/revisions"}],"predecessor-version":[{"id":4192,"href":"https:\/\/be-ceuticals.com\/es\/wp-json\/wp\/v2\/pages\/3572\/revisions\/4192"}],"wp:attachment":[{"href":"https:\/\/be-ceuticals.com\/es\/wp-json\/wp\/v2\/media?parent=3572"}],"curies":[{"name":"wp","href":"https:\/\/api.w.org\/{rel}","templated":true}]}}