{"id":3611,"date":"2020-08-28T12:34:54","date_gmt":"2020-08-28T10:34:54","guid":{"rendered":"https:\/\/be-ceuticals.com\/la-marca\/"},"modified":"2021-04-16T12:51:40","modified_gmt":"2021-04-16T10:51:40","slug":"la-marca","status":"publish","type":"page","link":"https:\/\/be-ceuticals.com\/es\/la-marca\/","title":{"rendered":"Compa\u00f1\u00eda"},"content":{"rendered":"[vc_row type=\u00bbfull_width_background\u00bb full_screen_row_position=\u00bbmiddle\u00bb equal_height=\u00bbyes\u00bb bg_color=\u00bb#000000&#8243; scene_position=\u00bbcenter\u00bb text_color=\u00bblight\u00bb text_align=\u00bbleft\u00bb top_padding=\u00bb3%\u00bb bottom_padding=\u00bb2%\u00bb overlay_strength=\u00bb0.3&#8243; shape_divider_position=\u00bbbottom\u00bb bg_image_animation=\u00bbnone\u00bb shape_type=\u00bb\u00bb][vc_column column_padding=\u00bbno-extra-padding\u00bb column_padding_position=\u00bball\u00bb background_color_opacity=\u00bb1&#8243; background_hover_color_opacity=\u00bb1&#8243; column_link_target=\u00bb_self\u00bb column_shadow=\u00bbnone\u00bb column_border_radius=\u00bbnone\u00bb width=\u00bb1\/6&#8243; tablet_width_inherit=\u00bbdefault\u00bb tablet_text_alignment=\u00bbdefault\u00bb phone_text_alignment=\u00bbdefault\u00bb column_border_width=\u00bbnone\u00bb column_border_style=\u00bbsolid\u00bb bg_image_animation=\u00bbnone\u00bb enable_animation=\u00bbtrue\u00bb animation=\u00bbfade-in\u00bb delay=\u00bb50&#8243;][\/vc_column][vc_column column_padding=\u00bbno-extra-padding\u00bb column_padding_position=\u00bball\u00bb background_color_opacity=\u00bb1&#8243; background_hover_color_opacity=\u00bb1&#8243; column_link_target=\u00bb_self\u00bb column_shadow=\u00bbnone\u00bb column_border_radius=\u00bbnone\u00bb width=\u00bb2\/3&#8243; tablet_width_inherit=\u00bbdefault\u00bb tablet_text_alignment=\u00bbdefault\u00bb phone_text_alignment=\u00bbdefault\u00bb column_border_width=\u00bbnone\u00bb column_border_style=\u00bbsolid\u00bb bg_image_animation=\u00bbnone\u00bb][vc_column_text]\n<h1>Compa\u00f1\u00eda<\/h1>\n[\/vc_column_text][divider line_type=\u00bbSmall Line\u00bb line_alignment=\u00bbdefault\u00bb line_thickness=\u00bb1&#8243; divider_color=\u00bbdefault\u00bb animate=\u00bbyes\u00bb custom_height=\u00bb100&#8243; custom_line_width=\u00bb350&#8243; delay=\u00bb50&#8243;][vc_column_text]\n<h2><b><span lang=\"FR\">Or\u00edgenes e historia <\/span><\/b><\/h2>\n<div style=\"text-align: justify;\">\n<p>Fundado en 2013, Be-Ceuticals es un laboratorio suizo versado en est\u00e9tica que inici\u00f3 a desarrollar espec\u00edficamente los rellenos inyectables de \u00e1cido hialur\u00f3nico. Especialistas, como por ejemplo, dermat\u00f3logos, expertos en est\u00e9tica y cirujanos pl\u00e1sticos de todo el mundo, utilizan estos rellenos.<\/p>\n<p>En 2015, Be-Ceuticals incluy\u00f3 en su cartera una l\u00ednea est\u00e9tica de skinboosters, basados en mol\u00e9culas activas dermatol\u00f3gicamente probadas tales como: el \u00e1cido L-asc\u00f3rbico, el \u00e1cido hialur\u00f3nico, el col\u00e1geno, el \u00e1cido fel\u00farico y las ceramidas. La elevada concentraci\u00f3n de mol\u00e9culas activas ayuda a regenerar y a estimular la piel. La l\u00ednea de skinboosters mejora la resistencia de la piel contra factores externos y retarda el envejecimiento cut\u00e1neo.<br \/>\nEn 2017, Be-Ceuticals desarroll\u00f3 una l\u00ednea dermocosm\u00e9tica integral, en particular, para el tratamiento de blanqueamiento destinado a los dermat\u00f3logos especializados en trastornos de pigmentaci\u00f3n (<a href=\"http:\/\/www.bewhite.eu\/\">bewhite.eu<\/a>).<\/p>\n<\/div>\n[\/vc_column_text][divider line_type=\u00bbSmall Line\u00bb line_alignment=\u00bbright\u00bb line_thickness=\u00bb1&#8243; divider_color=\u00bbdefault\u00bb animate=\u00bbyes\u00bb custom_height=\u00bb100&#8243; custom_line_width=\u00bb350&#8243; delay=\u00bb50&#8243;][vc_column_text]\n<h2><b><span lang=\"FR\">Calidad y certificaci\u00f3n<\/span><\/b><\/h2>\n<div style=\"text-align: justify;\">a calidad de los productos Be-Ceuticals est\u00e1 refrendada por unidades farmac\u00e9uticas certificadas enteramente de conformidad con las normas ISO 13485 e ISO 22716. Dichas certificaciones han confirmado los m\u00e1s \u00f3ptimos niveles de perfecci\u00f3n y calidad dentro del \u00e1mbito de la seguridad y eficiencia.<br \/>\nEn la actualidad, m\u00e1s de treinta productos cosm\u00e9ticos constituyen art\u00edculos imprescindibles para cada mujer interesada por un mismo principio: combinar una \u00f3ptima efectividad probada cl\u00ednicamente con magn\u00edficas texturas y modernos envases.<\/div>\n[\/vc_column_text][divider line_type=\u00bbSmall Line\u00bb line_alignment=\u00bbdefault\u00bb line_thickness=\u00bb1&#8243; divider_color=\u00bbdefault\u00bb animate=\u00bbyes\u00bb custom_height=\u00bb100&#8243; custom_line_width=\u00bb350&#8243; delay=\u00bb50&#8243;][vc_column_text]\n<h2><b><span lang=\"FR\">Filosof\u00eda<\/span><\/b><\/h2>\n<div style=\"text-align: justify;\">Be-Ceuticals est\u00e1 destinado a todas aquellas personas que buscan productos innovadores y eficaces, agradables de utilizar. Independientemente de si usa o practica la medicina est\u00e9tica, los productos Be Ceuticals responder\u00e1n a las necesidades de cada cliente, brindando un producto conciso y personalizado para soluciones antiedad.<\/div>\n[\/vc_column_text][divider line_type=\u00bbSmall Line\u00bb line_alignment=\u00bbright\u00bb line_thickness=\u00bb1&#8243; divider_color=\u00bbdefault\u00bb animate=\u00bbyes\u00bb custom_height=\u00bb100&#8243; custom_line_width=\u00bb350&#8243; delay=\u00bb50&#8243;][\/vc_column][vc_column column_padding=\u00bbno-extra-padding\u00bb column_padding_position=\u00bball\u00bb background_color_opacity=\u00bb1&#8243; background_hover_color_opacity=\u00bb1&#8243; column_link_target=\u00bb_self\u00bb column_shadow=\u00bbnone\u00bb column_border_radius=\u00bbnone\u00bb width=\u00bb1\/6&#8243; tablet_width_inherit=\u00bbdefault\u00bb tablet_text_alignment=\u00bbdefault\u00bb phone_text_alignment=\u00bbdefault\u00bb column_border_width=\u00bbnone\u00bb column_border_style=\u00bbsolid\u00bb bg_image_animation=\u00bbnone\u00bb][\/vc_column][\/vc_row][vc_row type=\u00bbfull_width_content\u00bb full_screen_row_position=\u00bbmiddle\u00bb scene_position=\u00bbcenter\u00bb text_color=\u00bbdark\u00bb text_align=\u00bbleft\u00bb overlay_strength=\u00bb0.3&#8243; shape_divider_position=\u00bbbottom\u00bb bg_image_animation=\u00bbnone\u00bb shape_type=\u00bb\u00bb][vc_column column_padding=\u00bbno-extra-padding\u00bb column_padding_position=\u00bball\u00bb background_color=\u00bb#000000&#8243; background_color_opacity=\u00bb1&#8243; background_hover_color_opacity=\u00bb1&#8243; column_link_target=\u00bb_self\u00bb column_shadow=\u00bbnone\u00bb column_border_radius=\u00bbnone\u00bb width=\u00bb1\/1&#8243; tablet_width_inherit=\u00bbdefault\u00bb tablet_text_alignment=\u00bbdefault\u00bb phone_text_alignment=\u00bbdefault\u00bb column_border_width=\u00bbnone\u00bb column_border_style=\u00bbsolid\u00bb bg_image_animation=\u00bbnone\u00bb][image_with_animation image_url=\u00bb3444&#8243; alignment=\u00bbcenter\u00bb animation=\u00bbFade In\u00bb border_radius=\u00bbnone\u00bb box_shadow=\u00bbnone\u00bb max_width=\u00bb100%\u00bb][\/vc_column][\/vc_row]\n","protected":false},"excerpt":{"rendered":"<p>[vc_row type=\u00bbfull_width_background\u00bb full_screen_row_position=\u00bbmiddle\u00bb equal_height=\u00bbyes\u00bb bg_color=\u00bb#000000&#8243; scene_position=\u00bbcenter\u00bb text_color=\u00bblight\u00bb text_align=\u00bbleft\u00bb top_padding=\u00bb3%\u00bb bottom_padding=\u00bb2%\u00bb overlay_strength=\u00bb0.3&#8243; shape_divider_position=\u00bbbottom\u00bb bg_image_animation=\u00bbnone\u00bb shape_type=\u00bb\u00bb][vc_column column_padding=\u00bbno-extra-padding\u00bb column_padding_position=\u00bball\u00bb background_color_opacity=\u00bb1&#8243; background_hover_color_opacity=\u00bb1&#8243; column_link_target=\u00bb_self\u00bb column_shadow=\u00bbnone\u00bb column_border_radius=\u00bbnone\u00bb width=\u00bb1\/6&#8243; tablet_width_inherit=\u00bbdefault\u00bb tablet_text_alignment=\u00bbdefault\u00bb phone_text_alignment=\u00bbdefault\u00bb column_border_width=\u00bbnone\u00bb column_border_style=\u00bbsolid\u00bb bg_image_animation=\u00bbnone\u00bb enable_animation=\u00bbtrue\u00bb animation=\u00bbfade-in\u00bb&#8230;<\/p>\n","protected":false},"author":5,"featured_media":0,"parent":0,"menu_order":0,"comment_status":"closed","ping_status":"closed","template":"","meta":{"footnotes":""},"class_list":["post-3611","page","type-page","status-publish"],"yoast_head":"<!-- This site is optimized with the Yoast SEO plugin v27.3 - https:\/\/yoast.com\/product\/yoast-seo-wordpress\/ -->\n<title>Compa\u00f1\u00eda - Be Ceuticals<\/title>\n<meta name=\"description\" content=\"Localizada en Suiza y especializada en el desarrollo de soluciones para reducir los signos est\u00e9ticos de envejecimiento de la piel, Be Ceuticals ofrece una gama de productos m\u00e9dicos que comprende: Rellenos d\u00e9rmicos de \u00e1cido hialur\u00f3nico, sueros cosm\u00e9ticos y protecci\u00f3n solar.\" \/>\n<meta name=\"robots\" content=\"index, follow, max-snippet:-1, max-image-preview:large, max-video-preview:-1\" \/>\n<link rel=\"canonical\" href=\"https:\/\/be-ceuticals.com\/es\/la-marca\/\" \/>\n<meta property=\"og:locale\" content=\"es_ES\" \/>\n<meta property=\"og:type\" content=\"article\" \/>\n<meta property=\"og:title\" content=\"Compa\u00f1\u00eda - Be Ceuticals\" \/>\n<meta property=\"og:description\" content=\"Localizada en Suiza y especializada en el desarrollo de soluciones para reducir los signos est\u00e9ticos de envejecimiento de la piel, Be Ceuticals ofrece una gama de productos m\u00e9dicos que comprende: Rellenos d\u00e9rmicos de \u00e1cido hialur\u00f3nico, sueros cosm\u00e9ticos y protecci\u00f3n solar.\" \/>\n<meta property=\"og:url\" content=\"https:\/\/be-ceuticals.com\/es\/la-marca\/\" \/>\n<meta property=\"og:site_name\" content=\"Be Ceuticals\" \/>\n<meta property=\"article:modified_time\" content=\"2021-04-16T10:51:40+00:00\" \/>\n<meta name=\"twitter:card\" content=\"summary_large_image\" \/>\n<meta name=\"twitter:label1\" content=\"Tiempo de lectura\" \/>\n\t<meta name=\"twitter:data1\" content=\"4 minutos\" \/>\n<script type=\"application\/ld+json\" class=\"yoast-schema-graph\">{\"@context\":\"https:\\\/\\\/schema.org\",\"@graph\":[{\"@type\":\"WebPage\",\"@id\":\"https:\\\/\\\/be-ceuticals.com\\\/es\\\/la-marca\\\/\",\"url\":\"https:\\\/\\\/be-ceuticals.com\\\/es\\\/la-marca\\\/\",\"name\":\"Compa\u00f1\u00eda - Be Ceuticals\",\"isPartOf\":{\"@id\":\"https:\\\/\\\/be-ceuticals.com\\\/es\\\/#website\"},\"datePublished\":\"2020-08-28T10:34:54+00:00\",\"dateModified\":\"2021-04-16T10:51:40+00:00\",\"description\":\"Localizada en Suiza y especializada en el desarrollo de soluciones para reducir los signos est\u00e9ticos de envejecimiento de la piel, Be Ceuticals ofrece una gama de productos m\u00e9dicos que comprende: Rellenos d\u00e9rmicos de \u00e1cido hialur\u00f3nico, sueros cosm\u00e9ticos y protecci\u00f3n solar.\",\"breadcrumb\":{\"@id\":\"https:\\\/\\\/be-ceuticals.com\\\/es\\\/la-marca\\\/#breadcrumb\"},\"inLanguage\":\"es\",\"potentialAction\":[{\"@type\":\"ReadAction\",\"target\":[\"https:\\\/\\\/be-ceuticals.com\\\/es\\\/la-marca\\\/\"]}]},{\"@type\":\"BreadcrumbList\",\"@id\":\"https:\\\/\\\/be-ceuticals.com\\\/es\\\/la-marca\\\/#breadcrumb\",\"itemListElement\":[{\"@type\":\"ListItem\",\"position\":1,\"name\":\"Accueil\",\"item\":\"https:\\\/\\\/be-ceuticals.com\\\/es\\\/\"},{\"@type\":\"ListItem\",\"position\":2,\"name\":\"Compa\u00f1\u00eda\"}]},{\"@type\":\"WebSite\",\"@id\":\"https:\\\/\\\/be-ceuticals.com\\\/es\\\/#website\",\"url\":\"https:\\\/\\\/be-ceuticals.com\\\/es\\\/\",\"name\":\"Be Ceuticals\",\"description\":\"SEE THE DIFFERENCE\",\"potentialAction\":[{\"@type\":\"SearchAction\",\"target\":{\"@type\":\"EntryPoint\",\"urlTemplate\":\"https:\\\/\\\/be-ceuticals.com\\\/es\\\/?s={search_term_string}\"},\"query-input\":{\"@type\":\"PropertyValueSpecification\",\"valueRequired\":true,\"valueName\":\"search_term_string\"}}],\"inLanguage\":\"es\"}]}<\/script>\n<!-- \/ Yoast SEO plugin. -->","yoast_head_json":{"title":"Compa\u00f1\u00eda - Be Ceuticals","description":"Localizada en Suiza y especializada en el desarrollo de soluciones para reducir los signos est\u00e9ticos de envejecimiento de la piel, Be Ceuticals ofrece una gama de productos m\u00e9dicos que comprende: Rellenos d\u00e9rmicos de \u00e1cido hialur\u00f3nico, sueros cosm\u00e9ticos y protecci\u00f3n solar.","robots":{"index":"index","follow":"follow","max-snippet":"max-snippet:-1","max-image-preview":"max-image-preview:large","max-video-preview":"max-video-preview:-1"},"canonical":"https:\/\/be-ceuticals.com\/es\/la-marca\/","og_locale":"es_ES","og_type":"article","og_title":"Compa\u00f1\u00eda - Be Ceuticals","og_description":"Localizada en Suiza y especializada en el desarrollo de soluciones para reducir los signos est\u00e9ticos de envejecimiento de la piel, Be Ceuticals ofrece una gama de productos m\u00e9dicos que comprende: Rellenos d\u00e9rmicos de \u00e1cido hialur\u00f3nico, sueros cosm\u00e9ticos y protecci\u00f3n solar.","og_url":"https:\/\/be-ceuticals.com\/es\/la-marca\/","og_site_name":"Be Ceuticals","article_modified_time":"2021-04-16T10:51:40+00:00","twitter_card":"summary_large_image","twitter_misc":{"Tiempo de lectura":"4 minutos"},"schema":{"@context":"https:\/\/schema.org","@graph":[{"@type":"WebPage","@id":"https:\/\/be-ceuticals.com\/es\/la-marca\/","url":"https:\/\/be-ceuticals.com\/es\/la-marca\/","name":"Compa\u00f1\u00eda - Be Ceuticals","isPartOf":{"@id":"https:\/\/be-ceuticals.com\/es\/#website"},"datePublished":"2020-08-28T10:34:54+00:00","dateModified":"2021-04-16T10:51:40+00:00","description":"Localizada en Suiza y especializada en el desarrollo de soluciones para reducir los signos est\u00e9ticos de envejecimiento de la piel, Be Ceuticals ofrece una gama de productos m\u00e9dicos que comprende: Rellenos d\u00e9rmicos de \u00e1cido hialur\u00f3nico, sueros cosm\u00e9ticos y protecci\u00f3n solar.","breadcrumb":{"@id":"https:\/\/be-ceuticals.com\/es\/la-marca\/#breadcrumb"},"inLanguage":"es","potentialAction":[{"@type":"ReadAction","target":["https:\/\/be-ceuticals.com\/es\/la-marca\/"]}]},{"@type":"BreadcrumbList","@id":"https:\/\/be-ceuticals.com\/es\/la-marca\/#breadcrumb","itemListElement":[{"@type":"ListItem","position":1,"name":"Accueil","item":"https:\/\/be-ceuticals.com\/es\/"},{"@type":"ListItem","position":2,"name":"Compa\u00f1\u00eda"}]},{"@type":"WebSite","@id":"https:\/\/be-ceuticals.com\/es\/#website","url":"https:\/\/be-ceuticals.com\/es\/","name":"Be Ceuticals","description":"SEE THE DIFFERENCE","potentialAction":[{"@type":"SearchAction","target":{"@type":"EntryPoint","urlTemplate":"https:\/\/be-ceuticals.com\/es\/?s={search_term_string}"},"query-input":{"@type":"PropertyValueSpecification","valueRequired":true,"valueName":"search_term_string"}}],"inLanguage":"es"}]}},"jetpack_sharing_enabled":true,"_links":{"self":[{"href":"https:\/\/be-ceuticals.com\/es\/wp-json\/wp\/v2\/pages\/3611","targetHints":{"allow":["GET"]}}],"collection":[{"href":"https:\/\/be-ceuticals.com\/es\/wp-json\/wp\/v2\/pages"}],"about":[{"href":"https:\/\/be-ceuticals.com\/es\/wp-json\/wp\/v2\/types\/page"}],"author":[{"embeddable":true,"href":"https:\/\/be-ceuticals.com\/es\/wp-json\/wp\/v2\/users\/5"}],"replies":[{"embeddable":true,"href":"https:\/\/be-ceuticals.com\/es\/wp-json\/wp\/v2\/comments?post=3611"}],"version-history":[{"count":18,"href":"https:\/\/be-ceuticals.com\/es\/wp-json\/wp\/v2\/pages\/3611\/revisions"}],"predecessor-version":[{"id":4041,"href":"https:\/\/be-ceuticals.com\/es\/wp-json\/wp\/v2\/pages\/3611\/revisions\/4041"}],"wp:attachment":[{"href":"https:\/\/be-ceuticals.com\/es\/wp-json\/wp\/v2\/media?parent=3611"}],"curies":[{"name":"wp","href":"https:\/\/api.w.org\/{rel}","templated":true}]}}