{"id":3947,"date":"2021-04-16T01:01:40","date_gmt":"2021-04-15T23:01:40","guid":{"rendered":"https:\/\/be-ceuticals.com\/descargas\/"},"modified":"2024-10-18T05:28:49","modified_gmt":"2024-10-18T03:28:49","slug":"descargas","status":"publish","type":"page","link":"https:\/\/be-ceuticals.com\/es\/descargas\/","title":{"rendered":"Descargas"},"content":{"rendered":"[vc_row type=\u00bbfull_width_background\u00bb full_screen_row_position=\u00bbmiddle\u00bb equal_height=\u00bbyes\u00bb bg_color=\u00bb#ffffff\u00bb scene_position=\u00bbcenter\u00bb text_color=\u00bbdark\u00bb text_align=\u00bbleft\u00bb top_padding=\u00bb3%\u00bb bottom_padding=\u00bb2%\u00bb overlay_strength=\u00bb0.3&#8243; shape_divider_position=\u00bbbottom\u00bb bg_image_animation=\u00bbnone\u00bb shape_type=\u00bb\u00bb][vc_column column_padding=\u00bbno-extra-padding\u00bb column_padding_position=\u00bball\u00bb background_color_opacity=\u00bb1&#8243; background_hover_color_opacity=\u00bb1&#8243; column_link_target=\u00bb_self\u00bb column_shadow=\u00bbnone\u00bb column_border_radius=\u00bbnone\u00bb width=\u00bb1\/6&#8243; tablet_width_inherit=\u00bbdefault\u00bb tablet_text_alignment=\u00bbdefault\u00bb phone_text_alignment=\u00bbdefault\u00bb column_border_width=\u00bbnone\u00bb column_border_style=\u00bbsolid\u00bb bg_image_animation=\u00bbnone\u00bb enable_animation=\u00bbtrue\u00bb animation=\u00bbfade-in\u00bb delay=\u00bb50&#8243; offset=\u00bbvc_hidden-sm vc_hidden-xs\u00bb][\/vc_column][vc_column column_padding=\u00bbno-extra-padding\u00bb column_padding_position=\u00bball\u00bb background_color_opacity=\u00bb1&#8243; background_hover_color_opacity=\u00bb1&#8243; column_link_target=\u00bb_self\u00bb column_shadow=\u00bbnone\u00bb column_border_radius=\u00bbnone\u00bb width=\u00bb2\/3&#8243; tablet_width_inherit=\u00bbdefault\u00bb tablet_text_alignment=\u00bbdefault\u00bb phone_text_alignment=\u00bbdefault\u00bb column_border_width=\u00bbnone\u00bb column_border_style=\u00bbsolid\u00bb bg_image_animation=\u00bbnone\u00bb][vc_column_text]\n<h1>Downloads<\/h1>\n[\/vc_column_text][divider line_type=\u00bbSmall Line\u00bb line_alignment=\u00bbdefault\u00bb line_thickness=\u00bb1&#8243; divider_color=\u00bbdefault\u00bb animate=\u00bbyes\u00bb custom_height=\u00bb100&#8243; custom_line_width=\u00bb350&#8243; delay=\u00bb50&#8243;][vc_column_text]\n<p class=\"margin-bottom-standard\">Please feel free to <strong>download all our technical brochures<\/strong> (.pdf) to learn more about our products:<\/p>\n[\/vc_column_text][\/vc_column][vc_column column_padding=\u00bbno-extra-padding\u00bb column_padding_position=\u00bball\u00bb background_color_opacity=\u00bb1&#8243; background_hover_color_opacity=\u00bb1&#8243; column_link_target=\u00bb_self\u00bb column_shadow=\u00bbnone\u00bb column_border_radius=\u00bbnone\u00bb width=\u00bb1\/6&#8243; tablet_width_inherit=\u00bbdefault\u00bb tablet_text_alignment=\u00bbdefault\u00bb phone_text_alignment=\u00bbdefault\u00bb column_border_width=\u00bbnone\u00bb column_border_style=\u00bbsolid\u00bb bg_image_animation=\u00bbnone\u00bb offset=\u00bbvc_hidden-sm vc_hidden-xs\u00bb][\/vc_column][\/vc_row][vc_row type=\u00bbin_container\u00bb full_screen_row_position=\u00bbmiddle\u00bb scene_position=\u00bbcenter\u00bb text_color=\u00bbdark\u00bb text_align=\u00bbleft\u00bb overlay_strength=\u00bb0.3&#8243; shape_divider_position=\u00bbbottom\u00bb bg_image_animation=\u00bbnone\u00bb shape_type=\u00bb\u00bb][vc_column column_padding=\u00bbno-extra-padding\u00bb column_padding_position=\u00bball\u00bb background_color_opacity=\u00bb1&#8243; background_hover_color_opacity=\u00bb1&#8243; column_link_target=\u00bb_self\u00bb column_shadow=\u00bbnone\u00bb column_border_radius=\u00bbnone\u00bb width=\u00bb1\/2&#8243; tablet_width_inherit=\u00bbdefault\u00bb tablet_text_alignment=\u00bbdefault\u00bb phone_text_alignment=\u00bbdefault\u00bb column_border_width=\u00bbnone\u00bb column_border_style=\u00bbsolid\u00bb bg_image_animation=\u00bbnone\u00bb][image_with_animation image_url=\u00bb4667&#8243; alignment=\u00bbcenter\u00bb animation=\u00bbFade In\u00bb img_link_target=\u00bb_blank\u00bb border_radius=\u00bbnone\u00bb box_shadow=\u00bbnone\u00bb max_width=\u00bb100%\u00bb img_link=\u00bbhttps:\/\/be-ceuticals.com\/wp-content\/uploads\/2-CX_ADV_Triptych_A4_MKG_EN_2024-HR-VF.pdf\u00bb el_class=\u00bbpdf-download\u00bb][vc_column_text el_class=\u00bbcaption\u00bb]Serums cat\u00e1logo de productos[\/vc_column_text][\/vc_column][vc_column column_padding=\u00bbno-extra-padding\u00bb column_padding_position=\u00bball\u00bb background_color_opacity=\u00bb1&#8243; background_hover_color_opacity=\u00bb1&#8243; column_link_target=\u00bb_self\u00bb column_shadow=\u00bbnone\u00bb column_border_radius=\u00bbnone\u00bb width=\u00bb1\/2&#8243; tablet_width_inherit=\u00bbdefault\u00bb tablet_text_alignment=\u00bbdefault\u00bb phone_text_alignment=\u00bbdefault\u00bb column_border_width=\u00bbnone\u00bb column_border_style=\u00bbsolid\u00bb bg_image_animation=\u00bbnone\u00bb][image_with_animation image_url=\u00bb4670&#8243; alignment=\u00bbcenter\u00bb animation=\u00bbFade In\u00bb img_link_target=\u00bb_blank\u00bb border_radius=\u00bbnone\u00bb box_shadow=\u00bbnone\u00bb max_width=\u00bb100%\u00bb img_link=\u00bbhttps:\/\/be-ceuticals.com\/wp-content\/uploads\/1-RX_ADV_Triptych_A4_MKG_EN_2024-HR-VF.pdf\u00bb el_class=\u00bbpdf-download\u00bb][vc_column_text el_class=\u00bbcaption\u00bb]RX.HA. rellenos d\u00e9rmicos[\/vc_column_text][\/vc_column][\/vc_row][vc_row type=\u00bbin_container\u00bb full_screen_row_position=\u00bbmiddle\u00bb scene_position=\u00bbcenter\u00bb text_color=\u00bbdark\u00bb text_align=\u00bbleft\u00bb overlay_strength=\u00bb0.3&#8243; shape_divider_position=\u00bbbottom\u00bb bg_image_animation=\u00bbnone\u00bb][vc_column column_padding=\u00bbno-extra-padding\u00bb column_padding_position=\u00bball\u00bb background_color_opacity=\u00bb1&#8243; background_hover_color_opacity=\u00bb1&#8243; column_link_target=\u00bb_self\u00bb column_shadow=\u00bbnone\u00bb column_border_radius=\u00bbnone\u00bb width=\u00bb1\/6&#8243; tablet_width_inherit=\u00bbdefault\u00bb tablet_text_alignment=\u00bbdefault\u00bb phone_text_alignment=\u00bbdefault\u00bb column_border_width=\u00bbnone\u00bb column_border_style=\u00bbsolid\u00bb bg_image_animation=\u00bbnone\u00bb offset=\u00bbvc_hidden-sm vc_hidden-xs\u00bb][\/vc_column][vc_column column_padding=\u00bbno-extra-padding\u00bb column_padding_position=\u00bball\u00bb background_color_opacity=\u00bb1&#8243; background_hover_color_opacity=\u00bb1&#8243; column_link_target=\u00bb_self\u00bb column_shadow=\u00bbnone\u00bb column_border_radius=\u00bbnone\u00bb width=\u00bb2\/3&#8243; tablet_width_inherit=\u00bbdefault\u00bb tablet_text_alignment=\u00bbdefault\u00bb phone_text_alignment=\u00bbdefault\u00bb column_border_width=\u00bbnone\u00bb column_border_style=\u00bbsolid\u00bb bg_image_animation=\u00bbnone\u00bb][divider line_type=\u00bbSmall Line\u00bb line_alignment=\u00bbdefault\u00bb line_thickness=\u00bb1&#8243; divider_color=\u00bbdefault\u00bb animate=\u00bbyes\u00bb custom_height=\u00bb100&#8243; custom_line_width=\u00bb350&#8243; delay=\u00bb50&#8243;][\/vc_column][vc_column column_padding=\u00bbno-extra-padding\u00bb column_padding_position=\u00bball\u00bb background_color_opacity=\u00bb1&#8243; background_hover_color_opacity=\u00bb1&#8243; column_link_target=\u00bb_self\u00bb column_shadow=\u00bbnone\u00bb column_border_radius=\u00bbnone\u00bb width=\u00bb1\/6&#8243; tablet_width_inherit=\u00bbdefault\u00bb tablet_text_alignment=\u00bbdefault\u00bb phone_text_alignment=\u00bbdefault\u00bb column_border_width=\u00bbnone\u00bb column_border_style=\u00bbsolid\u00bb bg_image_animation=\u00bbnone\u00bb offset=\u00bbvc_hidden-sm vc_hidden-xs\u00bb][\/vc_column][\/vc_row]\n","protected":false},"excerpt":{"rendered":"<p>[vc_row type=\u00bbfull_width_background\u00bb full_screen_row_position=\u00bbmiddle\u00bb equal_height=\u00bbyes\u00bb bg_color=\u00bb#ffffff\u00bb scene_position=\u00bbcenter\u00bb text_color=\u00bbdark\u00bb text_align=\u00bbleft\u00bb top_padding=\u00bb3%\u00bb bottom_padding=\u00bb2%\u00bb overlay_strength=\u00bb0.3&#8243; shape_divider_position=\u00bbbottom\u00bb bg_image_animation=\u00bbnone\u00bb shape_type=\u00bb\u00bb][vc_column column_padding=\u00bbno-extra-padding\u00bb column_padding_position=\u00bball\u00bb background_color_opacity=\u00bb1&#8243; background_hover_color_opacity=\u00bb1&#8243; column_link_target=\u00bb_self\u00bb column_shadow=\u00bbnone\u00bb column_border_radius=\u00bbnone\u00bb width=\u00bb1\/6&#8243; tablet_width_inherit=\u00bbdefault\u00bb tablet_text_alignment=\u00bbdefault\u00bb phone_text_alignment=\u00bbdefault\u00bb column_border_width=\u00bbnone\u00bb column_border_style=\u00bbsolid\u00bb bg_image_animation=\u00bbnone\u00bb enable_animation=\u00bbtrue\u00bb animation=\u00bbfade-in\u00bb&#8230;<\/p>\n","protected":false},"author":5,"featured_media":0,"parent":0,"menu_order":0,"comment_status":"closed","ping_status":"closed","template":"","meta":{"footnotes":""},"class_list":["post-3947","page","type-page","status-publish"],"yoast_head":"<!-- This site is optimized with the Yoast SEO plugin v27.3 - https:\/\/yoast.com\/product\/yoast-seo-wordpress\/ -->\n<title>Descargas - Be Ceuticals<\/title>\n<meta name=\"description\" content=\"Localizada en Suiza y especializada en el desarrollo de soluciones para reducir los signos est\u00e9ticos de envejecimiento de la piel, Be Ceuticals ofrece una gama de productos m\u00e9dicos que comprende: Rellenos d\u00e9rmicos de \u00e1cido hialur\u00f3nico, sueros cosm\u00e9ticos y protecci\u00f3n solar.\" \/>\n<meta name=\"robots\" content=\"index, follow, max-snippet:-1, max-image-preview:large, max-video-preview:-1\" \/>\n<link rel=\"canonical\" href=\"https:\/\/be-ceuticals.com\/es\/descargas\/\" \/>\n<meta property=\"og:locale\" content=\"es_ES\" \/>\n<meta property=\"og:type\" content=\"article\" \/>\n<meta property=\"og:title\" content=\"Descargas - Be Ceuticals\" \/>\n<meta property=\"og:description\" content=\"Localizada en Suiza y especializada en el desarrollo de soluciones para reducir los signos est\u00e9ticos de envejecimiento de la piel, Be Ceuticals ofrece una gama de productos m\u00e9dicos que comprende: Rellenos d\u00e9rmicos de \u00e1cido hialur\u00f3nico, sueros cosm\u00e9ticos y protecci\u00f3n solar.\" \/>\n<meta property=\"og:url\" content=\"https:\/\/be-ceuticals.com\/es\/descargas\/\" \/>\n<meta property=\"og:site_name\" content=\"Be Ceuticals\" \/>\n<meta property=\"article:modified_time\" content=\"2024-10-18T03:28:49+00:00\" \/>\n<meta name=\"twitter:card\" content=\"summary_large_image\" \/>\n<meta name=\"twitter:label1\" content=\"Tiempo de lectura\" \/>\n\t<meta name=\"twitter:data1\" content=\"4 minutos\" \/>\n<script type=\"application\/ld+json\" class=\"yoast-schema-graph\">{\"@context\":\"https:\\\/\\\/schema.org\",\"@graph\":[{\"@type\":\"WebPage\",\"@id\":\"https:\\\/\\\/be-ceuticals.com\\\/es\\\/descargas\\\/\",\"url\":\"https:\\\/\\\/be-ceuticals.com\\\/es\\\/descargas\\\/\",\"name\":\"Descargas - Be Ceuticals\",\"isPartOf\":{\"@id\":\"https:\\\/\\\/be-ceuticals.com\\\/es\\\/#website\"},\"datePublished\":\"2021-04-15T23:01:40+00:00\",\"dateModified\":\"2024-10-18T03:28:49+00:00\",\"description\":\"Localizada en Suiza y especializada en el desarrollo de soluciones para reducir los signos est\u00e9ticos de envejecimiento de la piel, Be Ceuticals ofrece una gama de productos m\u00e9dicos que comprende: Rellenos d\u00e9rmicos de \u00e1cido hialur\u00f3nico, sueros cosm\u00e9ticos y protecci\u00f3n solar.\",\"breadcrumb\":{\"@id\":\"https:\\\/\\\/be-ceuticals.com\\\/es\\\/descargas\\\/#breadcrumb\"},\"inLanguage\":\"es\",\"potentialAction\":[{\"@type\":\"ReadAction\",\"target\":[\"https:\\\/\\\/be-ceuticals.com\\\/es\\\/descargas\\\/\"]}]},{\"@type\":\"BreadcrumbList\",\"@id\":\"https:\\\/\\\/be-ceuticals.com\\\/es\\\/descargas\\\/#breadcrumb\",\"itemListElement\":[{\"@type\":\"ListItem\",\"position\":1,\"name\":\"Accueil\",\"item\":\"https:\\\/\\\/be-ceuticals.com\\\/es\\\/\"},{\"@type\":\"ListItem\",\"position\":2,\"name\":\"Descargas\"}]},{\"@type\":\"WebSite\",\"@id\":\"https:\\\/\\\/be-ceuticals.com\\\/es\\\/#website\",\"url\":\"https:\\\/\\\/be-ceuticals.com\\\/es\\\/\",\"name\":\"Be Ceuticals\",\"description\":\"SEE THE DIFFERENCE\",\"potentialAction\":[{\"@type\":\"SearchAction\",\"target\":{\"@type\":\"EntryPoint\",\"urlTemplate\":\"https:\\\/\\\/be-ceuticals.com\\\/es\\\/?s={search_term_string}\"},\"query-input\":{\"@type\":\"PropertyValueSpecification\",\"valueRequired\":true,\"valueName\":\"search_term_string\"}}],\"inLanguage\":\"es\"}]}<\/script>\n<!-- \/ Yoast SEO plugin. -->","yoast_head_json":{"title":"Descargas - Be Ceuticals","description":"Localizada en Suiza y especializada en el desarrollo de soluciones para reducir los signos est\u00e9ticos de envejecimiento de la piel, Be Ceuticals ofrece una gama de productos m\u00e9dicos que comprende: Rellenos d\u00e9rmicos de \u00e1cido hialur\u00f3nico, sueros cosm\u00e9ticos y protecci\u00f3n solar.","robots":{"index":"index","follow":"follow","max-snippet":"max-snippet:-1","max-image-preview":"max-image-preview:large","max-video-preview":"max-video-preview:-1"},"canonical":"https:\/\/be-ceuticals.com\/es\/descargas\/","og_locale":"es_ES","og_type":"article","og_title":"Descargas - Be Ceuticals","og_description":"Localizada en Suiza y especializada en el desarrollo de soluciones para reducir los signos est\u00e9ticos de envejecimiento de la piel, Be Ceuticals ofrece una gama de productos m\u00e9dicos que comprende: Rellenos d\u00e9rmicos de \u00e1cido hialur\u00f3nico, sueros cosm\u00e9ticos y protecci\u00f3n solar.","og_url":"https:\/\/be-ceuticals.com\/es\/descargas\/","og_site_name":"Be Ceuticals","article_modified_time":"2024-10-18T03:28:49+00:00","twitter_card":"summary_large_image","twitter_misc":{"Tiempo de lectura":"4 minutos"},"schema":{"@context":"https:\/\/schema.org","@graph":[{"@type":"WebPage","@id":"https:\/\/be-ceuticals.com\/es\/descargas\/","url":"https:\/\/be-ceuticals.com\/es\/descargas\/","name":"Descargas - Be Ceuticals","isPartOf":{"@id":"https:\/\/be-ceuticals.com\/es\/#website"},"datePublished":"2021-04-15T23:01:40+00:00","dateModified":"2024-10-18T03:28:49+00:00","description":"Localizada en Suiza y especializada en el desarrollo de soluciones para reducir los signos est\u00e9ticos de envejecimiento de la piel, Be Ceuticals ofrece una gama de productos m\u00e9dicos que comprende: Rellenos d\u00e9rmicos de \u00e1cido hialur\u00f3nico, sueros cosm\u00e9ticos y protecci\u00f3n solar.","breadcrumb":{"@id":"https:\/\/be-ceuticals.com\/es\/descargas\/#breadcrumb"},"inLanguage":"es","potentialAction":[{"@type":"ReadAction","target":["https:\/\/be-ceuticals.com\/es\/descargas\/"]}]},{"@type":"BreadcrumbList","@id":"https:\/\/be-ceuticals.com\/es\/descargas\/#breadcrumb","itemListElement":[{"@type":"ListItem","position":1,"name":"Accueil","item":"https:\/\/be-ceuticals.com\/es\/"},{"@type":"ListItem","position":2,"name":"Descargas"}]},{"@type":"WebSite","@id":"https:\/\/be-ceuticals.com\/es\/#website","url":"https:\/\/be-ceuticals.com\/es\/","name":"Be Ceuticals","description":"SEE THE DIFFERENCE","potentialAction":[{"@type":"SearchAction","target":{"@type":"EntryPoint","urlTemplate":"https:\/\/be-ceuticals.com\/es\/?s={search_term_string}"},"query-input":{"@type":"PropertyValueSpecification","valueRequired":true,"valueName":"search_term_string"}}],"inLanguage":"es"}]}},"jetpack_sharing_enabled":true,"_links":{"self":[{"href":"https:\/\/be-ceuticals.com\/es\/wp-json\/wp\/v2\/pages\/3947","targetHints":{"allow":["GET"]}}],"collection":[{"href":"https:\/\/be-ceuticals.com\/es\/wp-json\/wp\/v2\/pages"}],"about":[{"href":"https:\/\/be-ceuticals.com\/es\/wp-json\/wp\/v2\/types\/page"}],"author":[{"embeddable":true,"href":"https:\/\/be-ceuticals.com\/es\/wp-json\/wp\/v2\/users\/5"}],"replies":[{"embeddable":true,"href":"https:\/\/be-ceuticals.com\/es\/wp-json\/wp\/v2\/comments?post=3947"}],"version-history":[{"count":25,"href":"https:\/\/be-ceuticals.com\/es\/wp-json\/wp\/v2\/pages\/3947\/revisions"}],"predecessor-version":[{"id":4690,"href":"https:\/\/be-ceuticals.com\/es\/wp-json\/wp\/v2\/pages\/3947\/revisions\/4690"}],"wp:attachment":[{"href":"https:\/\/be-ceuticals.com\/es\/wp-json\/wp\/v2\/media?parent=3947"}],"curies":[{"name":"wp","href":"https:\/\/api.w.org\/{rel}","templated":true}]}}