{"id":3671,"date":"2019-10-23T10:26:29","date_gmt":"2020-08-28T13:38:57","guid":{"rendered":"https:\/\/be-ceuticals.com\/produit\/sin categor\u00eda\/protector-solar\/"},"modified":"2020-08-28T15:38:57","modified_gmt":"2020-08-28T13:38:57","slug":"protector-solar","status":"publish","type":"product","link":"https:\/\/be-ceuticals.com\/es\/produit\/be-protector-solar\/protector-solar\/","title":{"rendered":"Protector solar"},"content":{"rendered":"","protected":false},"excerpt":{"rendered":"<h2>PROTECTOR SOLAR SPF 50+<\/h2>\n<h3>Protecci\u00f3n celular antiedad<br \/>\nTextura fluida y ultraligera<\/h3>\n<p><strong>DI\u00d3XIDO DE TITANIO<\/strong><br \/>\n<strong>ECTO\u00cdNA DE RONACARE<\/strong><br \/>\n<strong>VITAMINA E<\/strong><\/p>\n<p>La m\u00e1xima eficacia contra los rayos UVB y el \u00f3ptimo rendimiento contra los rayos UVA de MINERAL UV 100 garantizan una protecci\u00f3n segura contra las quemaduras del sol y una prevenci\u00f3n de reacciones de intolerancia al sol.<br \/>\nEXENTO DE PARABENO \u2013 EXENTO DE FRAGANCIA<\/p>\n<p>100ml<\/p>\n","protected":false},"featured_media":3626,"template":"","meta":[],"product_brand":[],"product_cat":[41],"product_tag":[],"class_list":{"0":"post-3671","1":"product","2":"type-product","3":"status-publish","4":"has-post-thumbnail","6":"product_cat-be-protector-solar","8":"first","9":"instock","10":"shipping-taxable","11":"product-type-simple"},"yoast_head":"<!-- This site is optimized with the Yoast SEO plugin v27.3 - https:\/\/yoast.com\/product\/yoast-seo-wordpress\/ -->\n<title>Protector solar - Be Ceuticals<\/title>\n<meta name=\"robots\" content=\"index, follow, max-snippet:-1, max-image-preview:large, max-video-preview:-1\" \/>\n<link rel=\"canonical\" href=\"https:\/\/be-ceuticals.com\/es\/produit\/be-protector-solar\/protector-solar\/\" \/>\n<meta property=\"og:locale\" content=\"es_ES\" \/>\n<meta property=\"og:type\" content=\"article\" \/>\n<meta property=\"og:title\" content=\"Protector solar - Be Ceuticals\" \/>\n<meta property=\"og:description\" content=\"PROTECTOR SOLAR SPF 50+ Protecci\u00f3n celular antiedad Textura fluida y ultraligera DI\u00d3XIDO DE TITANIO ECTO\u00cdNA DE RONACARE VITAMINA E  La m\u00e1xima eficacia contra los rayos UVB y el \u00f3ptimo rendimiento contra los rayos UVA de MINERAL UV 100 garantizan una protecci\u00f3n segura contra las quemaduras del sol y una prevenci\u00f3n de reacciones de intolerancia al sol. EXENTO DE PARABENO \u2013 EXENTO DE FRAGANCIA  100ml\" \/>\n<meta property=\"og:url\" content=\"https:\/\/be-ceuticals.com\/es\/produit\/be-protector-solar\/protector-solar\/\" \/>\n<meta property=\"og:site_name\" content=\"Be Ceuticals\" \/>\n<meta property=\"og:image\" content=\"https:\/\/be-ceuticals.com\/wp-content\/uploads\/Be_Ceuticals_Sunscreen_Mineral-UV.png\" \/>\n\t<meta property=\"og:image:width\" content=\"600\" \/>\n\t<meta property=\"og:image:height\" content=\"600\" \/>\n\t<meta property=\"og:image:type\" content=\"image\/png\" \/>\n<meta name=\"twitter:card\" content=\"summary_large_image\" \/>\n<script type=\"application\/ld+json\" class=\"yoast-schema-graph\">{\"@context\":\"https:\\\/\\\/schema.org\",\"@graph\":[{\"@type\":\"WebPage\",\"@id\":\"https:\\\/\\\/be-ceuticals.com\\\/es\\\/produit\\\/be-protector-solar\\\/protector-solar\\\/\",\"url\":\"https:\\\/\\\/be-ceuticals.com\\\/es\\\/produit\\\/be-protector-solar\\\/protector-solar\\\/\",\"name\":\"Protector solar - Be Ceuticals\",\"isPartOf\":{\"@id\":\"https:\\\/\\\/be-ceuticals.com\\\/es\\\/#website\"},\"primaryImageOfPage\":{\"@id\":\"https:\\\/\\\/be-ceuticals.com\\\/es\\\/produit\\\/be-protector-solar\\\/protector-solar\\\/#primaryimage\"},\"image\":{\"@id\":\"https:\\\/\\\/be-ceuticals.com\\\/es\\\/produit\\\/be-protector-solar\\\/protector-solar\\\/#primaryimage\"},\"thumbnailUrl\":\"https:\\\/\\\/be-ceuticals.com\\\/wp-content\\\/uploads\\\/Be_Ceuticals_Sunscreen_Mineral-UV.png\",\"datePublished\":\"2020-08-28T13:38:57+00:00\",\"breadcrumb\":{\"@id\":\"https:\\\/\\\/be-ceuticals.com\\\/es\\\/produit\\\/be-protector-solar\\\/protector-solar\\\/#breadcrumb\"},\"inLanguage\":\"es\",\"potentialAction\":[{\"@type\":\"ReadAction\",\"target\":[\"https:\\\/\\\/be-ceuticals.com\\\/es\\\/produit\\\/be-protector-solar\\\/protector-solar\\\/\"]}]},{\"@type\":\"ImageObject\",\"inLanguage\":\"es\",\"@id\":\"https:\\\/\\\/be-ceuticals.com\\\/es\\\/produit\\\/be-protector-solar\\\/protector-solar\\\/#primaryimage\",\"url\":\"https:\\\/\\\/be-ceuticals.com\\\/wp-content\\\/uploads\\\/Be_Ceuticals_Sunscreen_Mineral-UV.png\",\"contentUrl\":\"https:\\\/\\\/be-ceuticals.com\\\/wp-content\\\/uploads\\\/Be_Ceuticals_Sunscreen_Mineral-UV.png\",\"width\":600,\"height\":600,\"caption\":\"Protector solar Mineral UV\"},{\"@type\":\"BreadcrumbList\",\"@id\":\"https:\\\/\\\/be-ceuticals.com\\\/es\\\/produit\\\/be-protector-solar\\\/protector-solar\\\/#breadcrumb\",\"itemListElement\":[{\"@type\":\"ListItem\",\"position\":1,\"name\":\"Accueil\",\"item\":\"https:\\\/\\\/be-ceuticals.com\\\/es\\\/\"},{\"@type\":\"ListItem\",\"position\":2,\"name\":\"Shop\",\"item\":\"https:\\\/\\\/be-ceuticals.com\\\/shop\\\/\"},{\"@type\":\"ListItem\",\"position\":3,\"name\":\"Protector solar\"}]},{\"@type\":\"WebSite\",\"@id\":\"https:\\\/\\\/be-ceuticals.com\\\/es\\\/#website\",\"url\":\"https:\\\/\\\/be-ceuticals.com\\\/es\\\/\",\"name\":\"Be Ceuticals\",\"description\":\"SEE THE DIFFERENCE\",\"potentialAction\":[{\"@type\":\"SearchAction\",\"target\":{\"@type\":\"EntryPoint\",\"urlTemplate\":\"https:\\\/\\\/be-ceuticals.com\\\/es\\\/?s={search_term_string}\"},\"query-input\":{\"@type\":\"PropertyValueSpecification\",\"valueRequired\":true,\"valueName\":\"search_term_string\"}}],\"inLanguage\":\"es\"}]}<\/script>\n<!-- \/ Yoast SEO plugin. -->","yoast_head_json":{"title":"Protector solar - Be Ceuticals","robots":{"index":"index","follow":"follow","max-snippet":"max-snippet:-1","max-image-preview":"max-image-preview:large","max-video-preview":"max-video-preview:-1"},"canonical":"https:\/\/be-ceuticals.com\/es\/produit\/be-protector-solar\/protector-solar\/","og_locale":"es_ES","og_type":"article","og_title":"Protector solar - Be Ceuticals","og_description":"PROTECTOR SOLAR SPF 50+ Protecci\u00f3n celular antiedad Textura fluida y ultraligera DI\u00d3XIDO DE TITANIO ECTO\u00cdNA DE RONACARE VITAMINA E  La m\u00e1xima eficacia contra los rayos UVB y el \u00f3ptimo rendimiento contra los rayos UVA de MINERAL UV 100 garantizan una protecci\u00f3n segura contra las quemaduras del sol y una prevenci\u00f3n de reacciones de intolerancia al sol. EXENTO DE PARABENO \u2013 EXENTO DE FRAGANCIA  100ml","og_url":"https:\/\/be-ceuticals.com\/es\/produit\/be-protector-solar\/protector-solar\/","og_site_name":"Be Ceuticals","og_image":[{"width":600,"height":600,"url":"https:\/\/be-ceuticals.com\/wp-content\/uploads\/Be_Ceuticals_Sunscreen_Mineral-UV.png","type":"image\/png"}],"twitter_card":"summary_large_image","schema":{"@context":"https:\/\/schema.org","@graph":[{"@type":"WebPage","@id":"https:\/\/be-ceuticals.com\/es\/produit\/be-protector-solar\/protector-solar\/","url":"https:\/\/be-ceuticals.com\/es\/produit\/be-protector-solar\/protector-solar\/","name":"Protector solar - Be Ceuticals","isPartOf":{"@id":"https:\/\/be-ceuticals.com\/es\/#website"},"primaryImageOfPage":{"@id":"https:\/\/be-ceuticals.com\/es\/produit\/be-protector-solar\/protector-solar\/#primaryimage"},"image":{"@id":"https:\/\/be-ceuticals.com\/es\/produit\/be-protector-solar\/protector-solar\/#primaryimage"},"thumbnailUrl":"https:\/\/be-ceuticals.com\/wp-content\/uploads\/Be_Ceuticals_Sunscreen_Mineral-UV.png","datePublished":"2020-08-28T13:38:57+00:00","breadcrumb":{"@id":"https:\/\/be-ceuticals.com\/es\/produit\/be-protector-solar\/protector-solar\/#breadcrumb"},"inLanguage":"es","potentialAction":[{"@type":"ReadAction","target":["https:\/\/be-ceuticals.com\/es\/produit\/be-protector-solar\/protector-solar\/"]}]},{"@type":"ImageObject","inLanguage":"es","@id":"https:\/\/be-ceuticals.com\/es\/produit\/be-protector-solar\/protector-solar\/#primaryimage","url":"https:\/\/be-ceuticals.com\/wp-content\/uploads\/Be_Ceuticals_Sunscreen_Mineral-UV.png","contentUrl":"https:\/\/be-ceuticals.com\/wp-content\/uploads\/Be_Ceuticals_Sunscreen_Mineral-UV.png","width":600,"height":600,"caption":"Protector solar Mineral UV"},{"@type":"BreadcrumbList","@id":"https:\/\/be-ceuticals.com\/es\/produit\/be-protector-solar\/protector-solar\/#breadcrumb","itemListElement":[{"@type":"ListItem","position":1,"name":"Accueil","item":"https:\/\/be-ceuticals.com\/es\/"},{"@type":"ListItem","position":2,"name":"Shop","item":"https:\/\/be-ceuticals.com\/shop\/"},{"@type":"ListItem","position":3,"name":"Protector solar"}]},{"@type":"WebSite","@id":"https:\/\/be-ceuticals.com\/es\/#website","url":"https:\/\/be-ceuticals.com\/es\/","name":"Be Ceuticals","description":"SEE THE DIFFERENCE","potentialAction":[{"@type":"SearchAction","target":{"@type":"EntryPoint","urlTemplate":"https:\/\/be-ceuticals.com\/es\/?s={search_term_string}"},"query-input":{"@type":"PropertyValueSpecification","valueRequired":true,"valueName":"search_term_string"}}],"inLanguage":"es"}]}},"jetpack_sharing_enabled":true,"_links":{"self":[{"href":"https:\/\/be-ceuticals.com\/es\/wp-json\/wp\/v2\/product\/3671","targetHints":{"allow":["GET"]}}],"collection":[{"href":"https:\/\/be-ceuticals.com\/es\/wp-json\/wp\/v2\/product"}],"about":[{"href":"https:\/\/be-ceuticals.com\/es\/wp-json\/wp\/v2\/types\/product"}],"wp:featuredmedia":[{"embeddable":true,"href":"https:\/\/be-ceuticals.com\/es\/wp-json\/wp\/v2\/media\/3626"}],"wp:attachment":[{"href":"https:\/\/be-ceuticals.com\/es\/wp-json\/wp\/v2\/media?parent=3671"}],"wp:term":[{"taxonomy":"product_brand","embeddable":true,"href":"https:\/\/be-ceuticals.com\/es\/wp-json\/wp\/v2\/product_brand?post=3671"},{"taxonomy":"product_cat","embeddable":true,"href":"https:\/\/be-ceuticals.com\/es\/wp-json\/wp\/v2\/product_cat?post=3671"},{"taxonomy":"product_tag","embeddable":true,"href":"https:\/\/be-ceuticals.com\/es\/wp-json\/wp\/v2\/product_tag?post=3671"}],"curies":[{"name":"wp","href":"https:\/\/api.w.org\/{rel}","templated":true}]}}